{"id":6672,"date":"2023-01-31T10:12:10","date_gmt":"2023-01-31T09:12:10","guid":{"rendered":"https:\/\/vslg.cz\/studium-pro-absolventy-vos\/"},"modified":"2023-04-25T13:11:37","modified_gmt":"2023-04-25T11:11:37","slug":"studium-pro-absolventy-vos","status":"publish","type":"page","link":"https:\/\/vslg.cz\/sk\/studium-pro-absolventy-vos\/","title":{"rendered":"Studium pro absolventy VO\u0160"},"content":{"rendered":"\n<p>Absolventi vy\u0161\u0161\u00edch odborn\u00fdch \u0161kol mohou na Vysok\u00e9 \u0161kole logistiky z\u00edskat bakal\u00e1\u0159sk\u00e9 vzd\u011bl\u00e1n\u00ed ve zkr\u00e1cen\u00e9 form\u011b studia. Studenti studuj\u00ed na z\u00e1klad\u011b vypracovan\u00e9ho individu\u00e1ln\u00edho studijn\u00edho pl\u00e1nu, kter\u00fd je zpracov\u00e1n na z\u00e1klad\u011b p\u0159edch\u00e1zej\u00edc\u00edho studia na vy\u0161\u0161\u00ed odborn\u00e9 \u0161kole (d\u00e1le VO\u0160).<\/p>\n\n<p>Individu\u00e1ln\u00ed studium je nab\u00edzeno standardn\u011b v P\u0159erov\u011b a Praze v prezen\u010dn\u00ed a kombinovan\u00e9 form\u011b studia a ve v\u0161ech nab\u00edzen\u00fdch specializac\u00edch: Logistika v doprav\u011b, Logistika ve slu\u017eb\u00e1ch a Informatika pro logistiku.<\/p>\n\n<p><strong>Pr\u016fb\u011bh studia pro z\u00e1jemce po VO\u0160<\/strong><\/p>\n\n<ul class=\"wp-block-list\">\n<li>studium prob\u00edh\u00e1 formou p\u0159edn\u00e1\u0161ek a semin\u00e1\u0159\u016f soub\u011b\u017en\u011b se studijn\u00edm pl\u00e1nem t\u0159\u00edlet\u00e9ho bakal\u00e1\u0159sk\u00e9ho studijn\u00edho programu<\/li>\n\n\n\n<li>studium se \u0159\u00edd\u00ed organizac\u00ed p\u0159\u00edslu\u0161n\u00e9ho akademick\u00e9ho roku<\/li>\n\n\n\n<li><strong>prezen\u010dn\u00ed forma individu\u00e1ln\u00edho studia<\/strong>\u00a0prob\u00edh\u00e1 formou cvi\u010den\u00ed a p\u0159edn\u00e1\u0161ek v pr\u016fb\u011bhu pracovn\u00edho t\u00fddne. V r\u00e1mci studia je zohledn\u011bno p\u0159edchoz\u00ed studium na VO\u0160<\/li>\n\n\n\n<li><strong>k<strong>ombinovanou formu individu\u00e1ln\u00edho studia<\/strong> <\/strong>studenti absolvuj\u00ed v r\u00e1mci ka\u017ed\u00e9ho semestru cca jedenkr\u00e1t za \u010dtrn\u00e1ct dn\u016f v p\u00e1tek od 14:30 hodin do pozdn\u00edch ve\u010dern\u00edch hodin a v sobotu od 8:30 hodin do odpoledn\u00edch hodin. \u010casov\u00e1 dotace k jednotliv\u00fdm p\u0159edm\u011bt\u016fm respektuje p\u0159edpokl\u00e1danou shodu se studijn\u00edmi obory absolvovan\u00e9 VO\u0160. Tato forma je velmi vhodn\u00e1 pro pracuj\u00edc\u00ed studenty, jim\u017e umo\u017e\u0148uje intenzivn\u00ed, \u00fa\u010dinnou a profesn\u011b zam\u011b\u0159enou v\u00fduku, kterou je mo\u017en\u00e9 sladit s pracovn\u00edmi a jin\u00fdmi povinnostmi<\/li>\n\n\n\n<li>d\u00e9lka studia: 3 semestry.<\/li>\n<\/ul>\n\n<p id=\"block-6958a3cd-b3f1-4a2c-a67d-374932f916f3\"><strong>Doklady nutn\u00e9 pro p\u0159ijet\u00ed:<\/strong><\/p>\n\n<ul class=\"wp-block-list\">\n<li>dolo\u017een\u00ed ov\u011b\u0159en\u00e9 kopie maturitn\u00edho vysv\u011bd\u010den\u00ed<\/li>\n\n\n\n<li>dolo\u017een\u00ed ov\u011b\u0159en\u00e9 kopie doklad\u016f o absolvov\u00e1n\u00ed VO\u0160 (vysv\u011bd\u010den\u00ed a diplom)<\/li>\n\n\n\n<li>absolvov\u00e1n\u00ed p\u0159ij\u00edmac\u00edho pohovoru.<\/li>\n<\/ul>\n\n<p><strong>P\u0159edm\u011bty absolvovan\u00e9 na VO\u0160 v\u00e1m mohou b\u00fdt zohledn\u011bny pokud:<\/strong>\u00a0<\/p>\n\n<ul class=\"wp-block-list\">\n<li>dod\u00e1te \u0161kolou potvrzen\u00fd v\u00fdpis zkou\u0161ek a z\u00e1po\u010dt\u016f z\u00a0p\u0159edm\u011bt\u016f absolvovan\u00fdch na VO\u0160 <\/li>\n\n\n\n<li>anotace p\u0159edm\u011bt\u016f absolvovan\u00fdch na VO\u0160, kter\u00e9 jsou ov\u011b\u0159eny raz\u00edtkem a podpisem z\u00e1stupce \u0161koly.<\/li>\n<\/ul>\n","protected":false},"excerpt":{"rendered":"<p>Absolventi vy\u0161\u0161\u00edch odborn\u00fdch \u0161kol mohou na Vysok\u00e9 \u0161kole logistiky z\u00edskat bakal\u00e1\u0159sk\u00e9 vzd\u011bl\u00e1n\u00ed ve zkr\u00e1cen\u00e9 form\u011b studia. Studenti studuj\u00ed na z\u00e1klad\u011b vypracovan\u00e9ho individu\u00e1ln\u00edho studijn\u00edho pl\u00e1nu, kter\u00fd je zpracov\u00e1n na z\u00e1klad\u011b p\u0159edch\u00e1zej\u00edc\u00edho studia na vy\u0161\u0161\u00ed odborn\u00e9 \u0161kole (d\u00e1le VO\u0160). Individu\u00e1ln\u00ed studium je nab\u00edzeno standardn\u011b v P\u0159erov\u011b a Praze v prezen\u010dn\u00ed a kombinovan\u00e9 form\u011b studia a ve v\u0161ech [&hellip;]<\/p>\n","protected":false},"author":9,"featured_media":0,"parent":0,"menu_order":0,"comment_status":"closed","ping_status":"closed","template":"","meta":{"inline_featured_image":false,"footnotes":""},"class_list":["post-6672","page","type-page","status-publish","hentry"],"yoast_head":"<!-- This site is optimized with the Yoast SEO plugin v26.8 - https:\/\/yoast.com\/product\/yoast-seo-wordpress\/ -->\n<title>Studium pro absolventy VO\u0160 - Vysok\u00e1 \u0161kola logistiky o.p.s<\/title>\n<meta name=\"robots\" content=\"index, follow, max-snippet:-1, max-image-preview:large, max-video-preview:-1\" \/>\n<link rel=\"canonical\" href=\"https:\/\/vslg.cz\/sk\/studium-pro-absolventy-vos\/\" \/>\n<meta property=\"og:locale\" content=\"sk_SK\" \/>\n<meta property=\"og:type\" content=\"article\" \/>\n<meta property=\"og:title\" content=\"Studium pro absolventy VO\u0160 - Vysok\u00e1 \u0161kola logistiky o.p.s\" \/>\n<meta property=\"og:description\" content=\"Absolventi vy\u0161\u0161\u00edch odborn\u00fdch \u0161kol mohou na Vysok\u00e9 \u0161kole logistiky z\u00edskat bakal\u00e1\u0159sk\u00e9 vzd\u011bl\u00e1n\u00ed ve zkr\u00e1cen\u00e9 form\u011b studia. Studenti studuj\u00ed na z\u00e1klad\u011b vypracovan\u00e9ho individu\u00e1ln\u00edho studijn\u00edho pl\u00e1nu, kter\u00fd je zpracov\u00e1n na z\u00e1klad\u011b p\u0159edch\u00e1zej\u00edc\u00edho studia na vy\u0161\u0161\u00ed odborn\u00e9 \u0161kole (d\u00e1le VO\u0160). Individu\u00e1ln\u00ed studium je nab\u00edzeno standardn\u011b v P\u0159erov\u011b a Praze v prezen\u010dn\u00ed a kombinovan\u00e9 form\u011b studia a ve v\u0161ech [&hellip;]\" \/>\n<meta property=\"og:url\" content=\"https:\/\/vslg.cz\/sk\/studium-pro-absolventy-vos\/\" \/>\n<meta property=\"og:site_name\" content=\"Vysok\u00e1 \u0161kola logistiky o.p.s\" \/>\n<meta property=\"article:modified_time\" content=\"2023-04-25T11:11:37+00:00\" \/>\n<meta name=\"twitter:card\" content=\"summary_large_image\" \/>\n<meta name=\"twitter:label1\" content=\"Predpokladan\u00fd \u010das \u010d\u00edtania\" \/>\n\t<meta name=\"twitter:data1\" content=\"2 min\u00faty\" \/>\n<script type=\"application\/ld+json\" class=\"yoast-schema-graph\">{\"@context\":\"https:\/\/schema.org\",\"@graph\":[{\"@type\":\"WebPage\",\"@id\":\"https:\/\/vslg.cz\/sk\/studium-pro-absolventy-vos\/\",\"url\":\"https:\/\/vslg.cz\/sk\/studium-pro-absolventy-vos\/\",\"name\":\"Studium pro absolventy VO\u0160 - Vysok\u00e1 \u0161kola logistiky o.p.s\",\"isPartOf\":{\"@id\":\"https:\/\/vslg.cz\/sk\/#website\"},\"datePublished\":\"2023-01-31T09:12:10+00:00\",\"dateModified\":\"2023-04-25T11:11:37+00:00\",\"breadcrumb\":{\"@id\":\"https:\/\/vslg.cz\/sk\/studium-pro-absolventy-vos\/#breadcrumb\"},\"inLanguage\":\"sk-SK\",\"potentialAction\":[{\"@type\":\"ReadAction\",\"target\":[\"https:\/\/vslg.cz\/sk\/studium-pro-absolventy-vos\/\"]}]},{\"@type\":\"BreadcrumbList\",\"@id\":\"https:\/\/vslg.cz\/sk\/studium-pro-absolventy-vos\/#breadcrumb\",\"itemListElement\":[{\"@type\":\"ListItem\",\"position\":1,\"name\":\"Vysok\u00e1 \u0161kola logistiky\",\"item\":\"https:\/\/vslg.cz\/sk\/\"},{\"@type\":\"ListItem\",\"position\":2,\"name\":\"Studium pro absolventy VO\u0160\"}]},{\"@type\":\"WebSite\",\"@id\":\"https:\/\/vslg.cz\/sk\/#website\",\"url\":\"https:\/\/vslg.cz\/sk\/\",\"name\":\"Vysok\u00e1 \u0161kola logistiky o.p.s\",\"description\":\"Kvalita. Prest\u00ed\u017e. \u00daspech. Prec\u00edznos\u0165.\",\"potentialAction\":[{\"@type\":\"SearchAction\",\"target\":{\"@type\":\"EntryPoint\",\"urlTemplate\":\"https:\/\/vslg.cz\/sk\/?s={search_term_string}\"},\"query-input\":{\"@type\":\"PropertyValueSpecification\",\"valueRequired\":true,\"valueName\":\"search_term_string\"}}],\"inLanguage\":\"sk-SK\"}]}<\/script>\n<!-- \/ Yoast SEO plugin. -->","yoast_head_json":{"title":"Studium pro absolventy VO\u0160 - Vysok\u00e1 \u0161kola logistiky o.p.s","robots":{"index":"index","follow":"follow","max-snippet":"max-snippet:-1","max-image-preview":"max-image-preview:large","max-video-preview":"max-video-preview:-1"},"canonical":"https:\/\/vslg.cz\/sk\/studium-pro-absolventy-vos\/","og_locale":"sk_SK","og_type":"article","og_title":"Studium pro absolventy VO\u0160 - Vysok\u00e1 \u0161kola logistiky o.p.s","og_description":"Absolventi vy\u0161\u0161\u00edch odborn\u00fdch \u0161kol mohou na Vysok\u00e9 \u0161kole logistiky z\u00edskat bakal\u00e1\u0159sk\u00e9 vzd\u011bl\u00e1n\u00ed ve zkr\u00e1cen\u00e9 form\u011b studia. Studenti studuj\u00ed na z\u00e1klad\u011b vypracovan\u00e9ho individu\u00e1ln\u00edho studijn\u00edho pl\u00e1nu, kter\u00fd je zpracov\u00e1n na z\u00e1klad\u011b p\u0159edch\u00e1zej\u00edc\u00edho studia na vy\u0161\u0161\u00ed odborn\u00e9 \u0161kole (d\u00e1le VO\u0160). Individu\u00e1ln\u00ed studium je nab\u00edzeno standardn\u011b v P\u0159erov\u011b a Praze v prezen\u010dn\u00ed a kombinovan\u00e9 form\u011b studia a ve v\u0161ech [&hellip;]","og_url":"https:\/\/vslg.cz\/sk\/studium-pro-absolventy-vos\/","og_site_name":"Vysok\u00e1 \u0161kola logistiky o.p.s","article_modified_time":"2023-04-25T11:11:37+00:00","twitter_card":"summary_large_image","twitter_misc":{"Predpokladan\u00fd \u010das \u010d\u00edtania":"2 min\u00faty"},"schema":{"@context":"https:\/\/schema.org","@graph":[{"@type":"WebPage","@id":"https:\/\/vslg.cz\/sk\/studium-pro-absolventy-vos\/","url":"https:\/\/vslg.cz\/sk\/studium-pro-absolventy-vos\/","name":"Studium pro absolventy VO\u0160 - Vysok\u00e1 \u0161kola logistiky o.p.s","isPartOf":{"@id":"https:\/\/vslg.cz\/sk\/#website"},"datePublished":"2023-01-31T09:12:10+00:00","dateModified":"2023-04-25T11:11:37+00:00","breadcrumb":{"@id":"https:\/\/vslg.cz\/sk\/studium-pro-absolventy-vos\/#breadcrumb"},"inLanguage":"sk-SK","potentialAction":[{"@type":"ReadAction","target":["https:\/\/vslg.cz\/sk\/studium-pro-absolventy-vos\/"]}]},{"@type":"BreadcrumbList","@id":"https:\/\/vslg.cz\/sk\/studium-pro-absolventy-vos\/#breadcrumb","itemListElement":[{"@type":"ListItem","position":1,"name":"Vysok\u00e1 \u0161kola logistiky","item":"https:\/\/vslg.cz\/sk\/"},{"@type":"ListItem","position":2,"name":"Studium pro absolventy VO\u0160"}]},{"@type":"WebSite","@id":"https:\/\/vslg.cz\/sk\/#website","url":"https:\/\/vslg.cz\/sk\/","name":"Vysok\u00e1 \u0161kola logistiky o.p.s","description":"Kvalita. Prest\u00ed\u017e. \u00daspech. Prec\u00edznos\u0165.","potentialAction":[{"@type":"SearchAction","target":{"@type":"EntryPoint","urlTemplate":"https:\/\/vslg.cz\/sk\/?s={search_term_string}"},"query-input":{"@type":"PropertyValueSpecification","valueRequired":true,"valueName":"search_term_string"}}],"inLanguage":"sk-SK"}]}},"meta_box":{"vav_section_cloneable_group":[],"pt_ucp_domov_banner_heading":"","pt_ucp_domov_banner_subheading":"","pt_ucp_domov_banner_link":"","banner_side_buttons":[],"pt_ucp_domov_studium":[],"tp_textr_imagel_video_domov_heading":"","tp_textr_imagel_video_domov_img":[],"tp_textr_imagel_video_domov_url":"","pt_ucp_domov_predstavenie_heading":"","pt_ucp_domov_predstavenie_text":"","pt_ucp_domov_predstavenie_btn":"","pt_ucp_domov_predstavenie_link":"","pt_ucp_domov_predstavenie_obrazok":[],"pt_ucp_domov_dod_nadpis":"","pt_ucp_domov_dod_text":"","pt_ucp_domov_dod_skola_1":[],"tp_onas_textl_imager_heading":"","tp_onas_textl_imager_text":"","tp_onas_textl_imager_btn_text":"","tp_onas_textl_imager_btn_url":"","tp_onas_textl_imager_img":[],"tp_textr_imagel_onas_heading":"","tp_textr_imagel_onas_text":"","tp_textr_imagel_onas_btn_text":"","tp_textr_imagel_onas_btn_url":"","tp_textr_imagel_onas_img":[],"tp_head_text_btns_onas_heading":"","tp_head_text_btns_onas_text":"","tp_head_text_btns_onas":[],"tp_onas_partneri_textl_imager_heading":"","tp_onas_partneri_textl_imager_text":"","tp_onas_partneri_textl_imager_btn_text":"","tp_onas_partneri_textl_imager_btn_url":"","tp_onas_partneri_textl_imager_img":[],"pt_onas_genpartneri_heading":"","pt_onas_genpartneri_text":"","tp_genpartners_slider":[],"pt_onas_partneri_heading":"","pt_onas_partneri_text":"","tp_partners_slider":[],"pt_ucp_about_absolventi_infobox_heading_1":"","pt_ucp_about_absolventi_infobox_text_1":"","pt_ucp_about_absolventi_infobox_heading_2":"","pt_ucp_about_absolventi_infobox_text_2":"","pt_ucp_about_absolventi_infobox_heading_3":"","pt_ucp_about_absolventi_infobox_text_3":"","pt_ucp_about_absolventi_heading":"","pt_ucp_about_absolventi_text":"","pt_ucp_about_absolventi_obrazok":[],"pt_ucp_about_absolventi_slider_heading":"","pt_ucp_about_absolventi_slider_text":"","pg_kontakt_mesta_heading":"","pg_kontakt_mesta_text":"","tp_image_contact_boxes_kontakt":[],"pg_kontakt_form_subheading":"","pg_kontakt_form_heading":"","pg_kontakt_form_shortcode":"","pg_instituty":[],"tp_image_text_cloneable_doplnit_group":[],"tp_textr_imagel_video_whyucp_heading":"","tp_textr_imagel_video_whyucp_text":"","tp_textr_imagel_video_whyucp_btn_text":"","tp_textr_imagel_video_whyucp_btn_url":"","tp_textr_imagel_video_whyucp_img":[],"tp_textr_imagel_video_whyucp_url":"","tp_textl_imager_prijmaciekonanie_heading":"","tp_textl_imager_prijmaciekonanie_text":"","tp_textl_imager_prijmaciekonanie_btn_text":"","tp_textl_imager_prijmaciekonanie_btn_url":"","tp_textl_imager_prijmaciekonanie_img":[],"tp_numbered_boxes_textgroup_prijmaciekonanie":[],"tp_numbered_boxes_btngroup_prijmaciekonanie":[],"pg_prijimacie_konanie_more_heading":"","pg_prijimacie_konanie_more_text":"","tp_head_text_btns_prijimacie_konanie_more":[],"prijmaciekonanie_cennik_header":"","prijmaciekonanie_cennik_benefits":[],"prijmaciekonanie_cennik_aboveswitch_headline":"","prijmaciekonanie_cennik_aboveswitch_text":"","prijmaciekonanie_cennik_praha_packages":[],"prijmaciekonanie_cennik_praha_skolne_abovehead":"","prijmaciekonanie_cennik_praha_skolne_head":"","prijmaciekonanie_cennik_praha_skolne_text":"","prijmaciekonanie_cennik_praha_skolne_first":[],"prijmaciekonanie_cennik_praha_skolne_second":[],"prijmaciekonanie_cennik_praha_skolne_footer":"","prijmaciekonanie_cennik_bratislava_packages_bc_head":"","prijmaciekonanie_cennik_bratislava_packages_bc_text":"","prijmaciekonanie_cennik_bratislava_packages":[],"prijmaciekonanie_cennik_bratislava_packages_mgr_head":"","prijmaciekonanie_cennik_bratislava_packages_mgr_text":"","prijmaciekonanie_cennik_mgr_bratislava_packages":[],"prijmaciekonanie_cennik_bratislava_skolne_abovehead":"","prijmaciekonanie_cennik_bratislava_skolne_head":"","prijmaciekonanie_cennik_bratislava_skolne_text":"","prijmaciekonanie_cennik_bratislava_skolne_first":[],"prijmaciekonanie_cennik_bratislava_skolne_second":[],"prijmaciekonanie_cennik_bratislava_skolne_footer":"","prijmaciekonanie_cennik_prahaupd_packages_bc_head":"","prijmaciekonanie_cennik_prahaupd_packages_bc_text":"","prijmaciekonanie_cennik_prahaupd_packages":[],"prijmaciekonanie_cennik_prahaupd_packages_mgr_head":"","prijmaciekonanie_cennik_prahaupd_packages_mgr_text":"","prijmaciekonanie_cennik_mgr_prahaupd_packages":[],"prijmaciekonanie_cennik_prahaupd_skolne_abovehead":"","prijmaciekonanie_cennik_prahaupd_skolne_head":"","prijmaciekonanie_cennik_prahaupd_skolne_text":"","prijmaciekonanie_cennik_prahaupd_skolne_first":[],"prijmaciekonanie_cennik_prahaupd_skolne_second":[],"prijmaciekonanie_cennik_prahaupd_skolne_footer":"","tp_textl_imager_navsteva_heading":"","tp_textl_imager_navsteva_text":"","tp_textl_imager_navsteva_btn_text":"","tp_textl_imager_navsteva_btn_url":"","tp_textl_imager_navsteva_img":[],"tp_textr_imagel_navsteva_heading":"","tp_textr_imagel_navsteva_text":"","tp_textr_imagel_navsteva_btn_text":"","tp_textr_imagel_navsteva_btn_url":"","tp_textr_imagel_navsteva_img":[],"tp_head_text_btns_vzdelavanie_heading":"","tp_head_text_btns_vzdelavanie_text":"","tp_head_text_btns_vzdelavanie":[],"tp_textr_imagel_vzdelavanie_heading":"","tp_textr_imagel_vzdelavanie_text":"","tp_textr_imagel_vzdelavanie_btn_text":"","tp_textr_imagel_vzdelavanie_btn_url":"","tp_textr_imagel_vzdelavanie_img":[],"tp_textr_imagel_video_vzdelavanie_heading":"","tp_textr_imagel_video_vzdelavanie_text":"","tp_textr_imagel_video_vzdelavanie_btn_text":"","tp_textr_imagel_video_vzdelavanie_btn_url":"","tp_textr_imagel_video_vzdelavanie_img":[],"tp_textr_imagel_video_vzdelavanie_url":"","pt_kombstud_text_boxes":[],"tp_textl_imager_kombstud_heading":"","tp_textl_imager_kombstud_text":"","tp_textl_imager_kombstud_btn_text":"","tp_textl_imager_kombstud_btn_url":"","tp_textl_imager_kombstud_img":[],"kombstud_faq_heading":"","kombstud_faq_text":"","kombstud_faq_faq_group":[],"kombstud_faq_group":[],"tp_onas_historia_textl_imager_heading":"","tp_onas_historia_textl_imager_text":"","tp_onas_historia_textl_imager_btn_text":"","tp_onas_historia_textl_imager_btn_url":"","tp_onas_historia_textl_imager_img":[],"tp_textr_imagel_historia_heading":"","tp_textr_imagel_historia_text":"","tp_textr_imagel_historia_btn_text":"","tp_textr_imagel_historia_btn_url":"","tp_textr_imagel_historia_img":[],"tp_onas_historia_textl_imager2_heading":"","tp_onas_historia_textl_imager2_text":"","tp_onas_historia_textl_imager2_btn_text":"","tp_onas_historia_textl_imager2_btn_url":"","tp_onas_historia_textl_imager2_img":[],"tp_textr_imagel2_historia_heading":"","tp_textr_imagel2_historia_text":"","tp_textr_imagel2_historia_btn_text":"","tp_textr_imagel2_historia_btn_url":"","tp_textr_imagel2_historia_img":[],"pt_vzdelavanie_bc_infobox_heading_1":"","pt_vzdelavanie_bc_infobox_text_1":"","pt_vzdelavanie_bc_infobox_heading_2":"","pt_vzdelavanie_bc_infobox_text_2":"","pt_vzdelavanie_bc_infobox_heading_3":"","pt_vzdelavanie_bc_infobox_text_3":"","pt_vzdelavanie_bc_prijatie_heading":"","pt_vzdelavanie_bc_prijatie_text":"","pt_vzdelavanie_bc_prijatie_btns":[],"pt_vzdelavanie_bc_info_heading":"","pt_vzdelavanie_bc_info_text":"","pt_vzdelavanie_bc_info_btn_text":"","pt_vzdelavanie_bc_info_btn_url":"","pt_vzdelavanie_bc_info_img":[],"pt_vzdelavanie_bc_references_above_head":"","pt_vzdelavanie_bc_references_above_text":"","pt_vzdelavanie_bc_references":[],"pt_vzdelavanie_ing_infobox_heading_1":"","pt_vzdelavanie_ing_infobox_text_1":"","pt_vzdelavanie_ing_infobox_heading_2":"","pt_vzdelavanie_ing_infobox_text_2":"","pt_vzdelavanie_ing_infobox_heading_3":"","pt_vzdelavanie_ing_infobox_text_3":"","pt_vzdelavanie_ing_prijatie_heading":"","pt_vzdelavanie_ing_prijatie_text":"","pt_vzdelavanie_ing_prijatie_btns":[],"pt_vzdelavanie_ing_info_heading":"","pt_vzdelavanie_ing_info_text":"","pt_vzdelavanie_ing_info_btn_text":"","pt_vzdelavanie_ing_info_btn_url":"","pt_vzdelavanie_ing_info_img":[],"pt_vzdelavanie_ing_references_above_head":"","pt_vzdelavanie_ing_references_above_text":"","pt_vzdelavanie_ing_references":[],"pt_vzdelavanie_zivot_prijatie_heading":"","pt_vzdelavanie_zivot_prijatie_text":"","pt_vzdelavanie_zivot_prijatie_btns":[],"pt_vzdelavanie_zivot_info_heading":"","pt_vzdelavanie_zivot_info_text":"","pt_vzdelavanie_zivot_info_btn_text":"","pt_vzdelavanie_zivot_info_btn_url":"","pt_vzdelavanie_zivot_info_img":[],"tp_textr_imagel_vzdelavanie_zivot_heading":"","tp_textr_imagel_vzdelavanie_zivot_text":"","tp_textr_imagel_vzdelavanie_zivot_btn_text":"","tp_textr_imagel_vzdelavanie_zivot_btn_url":"","tp_textr_imagel_vzdelavanie_zivot_img":[],"pg_zivot_ucp_mesta_heading":"","pg_zivot_ucp_mesta_text":"","pg_zivot_ucp_mesta":[],"pg_zivot_ucp_mesto_video_heading":"","pg_zivot_ucp_mesto_video_text":"","pg_zivot_ucp_mesto_video_btn_text":"","pg_zivot_ucp_mesto_video_btn_url":"","pg_zivot_ucp_mesto_video_img":[],"pg_zivot_ucp_mesto_video_url":"","pg_zivot_ucp_mesto_more_heading":"","pg_zivot_ucp_mesto_more_text":"","pg_zivot_ucp_mesto_links_heading":"","pg_zivot_ucp_mesto_links":[],"pg_prihlaska":[],"pt_ucp_dod_undernadpis":"","pt_ucp_dod_undertext":"","url":"","uradna_tabula":[],"akademicky_kalendar":[],"pg_studijne_kontakty_head":"","pg_studijne_kontakty_text":"","pg_studijne_kontakty":[],"pg_studijne_obmedzenie_head":"","pg_studijne_obmedzenie_text":"","pg_studijne_oddelenie":[],"tp_textr_imagel_studiumodunora_heading":"","tp_textr_imagel_studiumodunora_text":"","tp_textr_imagel_studiumodunora_btn_text":"","tp_textr_imagel_studiumodunora_btn_url":"","tp_textr_imagel_studiumodunora_img":[],"studiumodunora_prihlaska_abovehead":"","studiumodunora_prihlaska_head":"","studiumodunora_prihlaska_text":"","studiumodunora_prihlaska_btnwrap":[],"studiumodunora_programy_heading":"","studiumodunora_programy_text":"","studiumodunora_programy_faq_group":[],"studiumodunora_programy_group":[],"veltrh_group":[],"pg_katedra":[],"pg_katedra_head":"","pg_katedra_text":"","pg_hostia_z_praxe":[],"tp_mba_where_aboveheading":"","tp_mba_where_abovetext":"","tp_head_mba_where_btns":[],"tp_mba_text_heading":"","tp_mba_text_text":"","mba_rozvrh":[],"tp_image_boxes_mba_heading":"","tp_image_boxes_mba":[],"mba_partners_slider_heading":"","mba_partners_slider":[],"mba_faq_heading":"","mba_faq_text":"","mba_faq_faq_group":[],"mba_faq_group":[],"mba_prihlaska_abovehead":"","mba_prihlaska_head":"","mba_prihlaska_text":"","mba_prihlaska_btnwrap":[],"cennik_vsh_header":"","cennik_vsh_benefits":[],"cennik_vsh_praha_packages_bc_head":"","cennik_vsh_praha_packages_bc_text":"","cennik_vsh_praha_packages":[],"cennik_vsh_praha_packages_bccomb_head":"","cennik_vsh_praha_packages_bccomb_text":"","cennik_vsh_praha_packages_bccomb":[],"cennik_vsh_praha_packages_mgr_head":"","cennik_vsh_praha_packages_mgr_text":"","cennik_vsh_mgr_praha_packages":[],"cennik_vsh_praha_packages_mgr_head_combform":"","cennik_vsh_praha_packages_mgr_text_combform":"","cennik_vsh_mgr_praha_packages_combform":[],"cennik_vsh_praha_skolne_abovehead":"","cennik_vsh_praha_skolne_head":"","cennik_vsh_praha_skolne_text":"","cennik_vsh_praha_skolne_first":[],"cennik_vsh_praha_skolne_second":[],"cennik_vsh_praha_skolne_footer":"","cennik_vsh_znojmo_packages_bc_head":"","cennik_vsh_znojmo_packages_bc_text":"","cennik_vsh_znojmo_packages":[],"cennik_vsh_znojmo_packages_bccomb_head":"","cennik_vsh_znojmo_packages_bccomb_text":"","cennik_vsh_znojmo_packages_bccomb":[],"cennik_vsh_znojmo_packages_mgr_head":"","cennik_vsh_znojmo_packages_mgr_text":"","cennik_vsh_mgr_znojmo_packages":[],"cennik_vsh_znojmo_packages_mgr_head_combform":"","cennik_vsh_znojmo_packages_mgr_text_combform":"","cennik_vsh_mgr_znojmo_packages_combform":[],"cennik_vsh_znojmo_skolne_abovehead":"","cennik_vsh_znojmo_skolne_head":"","cennik_vsh_znojmo_skolne_text":"","cennik_vsh_znojmo_skolne_first":[],"cennik_vsh_znojmo_skolne_second":[],"cennik_vsh_znojmo_skolne_footer":"","cennik_vsh_bratislava_packages_bc_head":"","cennik_vsh_bratislava_packages_bc_text":"","cennik_vsh_bratislava_packages":[],"cennik_vsh_bratislava_packages_bccomb_head":"","cennik_vsh_bratislava_packages_bccomb_text":"","cennik_vsh_bratislava_packages_bccomb":[],"cennik_vsh_bratislava_packages_mgr_head":"","cennik_vsh_bratislava_packages_mgr_text":"","cennik_vsh_mgr_bratislava_packages":[],"cennik_vsh_bratislava_packages_mgr_head_combform":"","cennik_vsh_bratislava_packages_mgr_text_combform":"","cennik_vsh_mgr_bratislava_packages_combform":[],"cennik_vsh_bratislava_skolne_abovehead":"","cennik_vsh_bratislava_skolne_head":"","cennik_vsh_bratislava_skolne_text":"","cennik_vsh_bratislava_skolne_first":[],"cennik_vsh_bratislava_skolne_second":[],"cennik_vsh_bratislava_skolne_footer":"","vslg_cennik_header":"","vslg_cennik_benefits":[],"vslg_cennik_aboveswitch_headline":"","vslg_cennik_aboveswitch_text":"","vslg_cennik_winter_packages_bc_head":"","vslg_cennik_winter_packages":[],"vslg_cennik_winter_packages_mgr_head":"","vslg_cennik_mgr_winter_packages":[],"vslg_cennik_winter_skolne_abovehead":"","vslg_cennik_winter_skolne_head":"","vslg_cennik_winter_skolne_text":"","vslg_cennik_winter_skolne_first":[],"vslg_cennik_winter_skolne_second":[],"vslg_cennik_winter_skolne_footer":"","vslg_cennik_summer_packages_bc_head":"","vslg_cennik_summer_packages":[],"vslg_cennik_summer_packages_mgr_head":"","vslg_cennik_mgr_summer_packages":[],"vslg_cennik_summer_skolne_abovehead":"","vslg_cennik_summer_skolne_head":"","vslg_cennik_summer_skolne_text":"","vslg_cennik_summer_skolne_first":[],"vslg_cennik_summer_skolne_second":[],"vslg_cennik_summer_skolne_footer":""},"_links":{"self":[{"href":"https:\/\/vslg.cz\/sk\/wp-json\/wp\/v2\/pages\/6672","targetHints":{"allow":["GET"]}}],"collection":[{"href":"https:\/\/vslg.cz\/sk\/wp-json\/wp\/v2\/pages"}],"about":[{"href":"https:\/\/vslg.cz\/sk\/wp-json\/wp\/v2\/types\/page"}],"author":[{"embeddable":true,"href":"https:\/\/vslg.cz\/sk\/wp-json\/wp\/v2\/users\/9"}],"replies":[{"embeddable":true,"href":"https:\/\/vslg.cz\/sk\/wp-json\/wp\/v2\/comments?post=6672"}],"version-history":[{"count":2,"href":"https:\/\/vslg.cz\/sk\/wp-json\/wp\/v2\/pages\/6672\/revisions"}],"predecessor-version":[{"id":7855,"href":"https:\/\/vslg.cz\/sk\/wp-json\/wp\/v2\/pages\/6672\/revisions\/7855"}],"wp:attachment":[{"href":"https:\/\/vslg.cz\/sk\/wp-json\/wp\/v2\/media?parent=6672"}],"curies":[{"name":"wp","href":"https:\/\/api.w.org\/{rel}","templated":true}]}}