{"id":161,"date":"2021-02-02T16:59:07","date_gmt":"2021-02-02T15:59:07","guid":{"rendered":"https:\/\/vslg.cz\/?page_id=161"},"modified":"2025-09-22T14:57:09","modified_gmt":"2025-09-22T12:57:09","slug":"kombinovane-studium","status":"publish","type":"page","link":"https:\/\/vslg.cz\/sk\/kombinovane-studium\/","title":{"rendered":"Kombinovan\u00e9 \u0161t\u00fadium"},"content":{"rendered":"","protected":false},"excerpt":{"rendered":"","protected":false},"author":10,"featured_media":130,"parent":0,"menu_order":0,"comment_status":"closed","ping_status":"closed","template":"page-templates\/kombinovanestudium.php","meta":{"inline_featured_image":false,"footnotes":""},"class_list":["post-161","page","type-page","status-publish","has-post-thumbnail","hentry"],"yoast_head":"<!-- This site is optimized with the Yoast SEO plugin v26.8 - https:\/\/yoast.com\/product\/yoast-seo-wordpress\/ -->\n<title>Kombinovan\u00e9 \u0161t\u00fadium - Vysok\u00e1 \u0161kola logistiky o.p.s<\/title>\n<meta name=\"robots\" content=\"index, follow, max-snippet:-1, max-image-preview:large, max-video-preview:-1\" \/>\n<link rel=\"canonical\" href=\"https:\/\/vslg.cz\/sk\/kombinovane-studium\/\" \/>\n<meta property=\"og:locale\" content=\"sk_SK\" \/>\n<meta property=\"og:type\" content=\"article\" \/>\n<meta property=\"og:title\" content=\"Kombinovan\u00e9 \u0161t\u00fadium - Vysok\u00e1 \u0161kola logistiky o.p.s\" \/>\n<meta property=\"og:url\" content=\"https:\/\/vslg.cz\/sk\/kombinovane-studium\/\" \/>\n<meta property=\"og:site_name\" content=\"Vysok\u00e1 \u0161kola logistiky o.p.s\" \/>\n<meta property=\"article:modified_time\" content=\"2025-09-22T12:57:09+00:00\" \/>\n<meta property=\"og:image\" content=\"https:\/\/vslg.cz\/wp-content\/uploads\/2021\/01\/pexels-pixabay-159213.jpg\" \/>\n\t<meta property=\"og:image:width\" content=\"1920\" \/>\n\t<meta property=\"og:image:height\" content=\"1280\" \/>\n\t<meta property=\"og:image:type\" content=\"image\/jpeg\" \/>\n<meta name=\"twitter:card\" content=\"summary_large_image\" \/>\n<meta name=\"twitter:label1\" content=\"Predpokladan\u00fd \u010das \u010d\u00edtania\" \/>\n\t<meta name=\"twitter:data1\" content=\"1 min\u00fata\" \/>\n<script type=\"application\/ld+json\" class=\"yoast-schema-graph\">{\"@context\":\"https:\/\/schema.org\",\"@graph\":[{\"@type\":\"WebPage\",\"@id\":\"https:\/\/vslg.cz\/sk\/kombinovane-studium\/\",\"url\":\"https:\/\/vslg.cz\/sk\/kombinovane-studium\/\",\"name\":\"Kombinovan\u00e9 \u0161t\u00fadium - Vysok\u00e1 \u0161kola logistiky o.p.s\",\"isPartOf\":{\"@id\":\"https:\/\/vslg.cz\/sk\/#website\"},\"primaryImageOfPage\":{\"@id\":\"https:\/\/vslg.cz\/sk\/kombinovane-studium\/#primaryimage\"},\"image\":{\"@id\":\"https:\/\/vslg.cz\/sk\/kombinovane-studium\/#primaryimage\"},\"thumbnailUrl\":\"https:\/\/vslg.cz\/wp-content\/uploads\/2021\/01\/pexels-pixabay-159213.jpg\",\"datePublished\":\"2021-02-02T15:59:07+00:00\",\"dateModified\":\"2025-09-22T12:57:09+00:00\",\"breadcrumb\":{\"@id\":\"https:\/\/vslg.cz\/sk\/kombinovane-studium\/#breadcrumb\"},\"inLanguage\":\"sk-SK\",\"potentialAction\":[{\"@type\":\"ReadAction\",\"target\":[\"https:\/\/vslg.cz\/sk\/kombinovane-studium\/\"]}]},{\"@type\":\"ImageObject\",\"inLanguage\":\"sk-SK\",\"@id\":\"https:\/\/vslg.cz\/sk\/kombinovane-studium\/#primaryimage\",\"url\":\"https:\/\/vslg.cz\/wp-content\/uploads\/2021\/01\/pexels-pixabay-159213.jpg\",\"contentUrl\":\"https:\/\/vslg.cz\/wp-content\/uploads\/2021\/01\/pexels-pixabay-159213.jpg\",\"width\":1920,\"height\":1280},{\"@type\":\"BreadcrumbList\",\"@id\":\"https:\/\/vslg.cz\/sk\/kombinovane-studium\/#breadcrumb\",\"itemListElement\":[{\"@type\":\"ListItem\",\"position\":1,\"name\":\"Vysok\u00e1 \u0161kola logistiky\",\"item\":\"https:\/\/vslg.cz\/sk\/\"},{\"@type\":\"ListItem\",\"position\":2,\"name\":\"Kombinovan\u00e9 \u0161t\u00fadium\"}]},{\"@type\":\"WebSite\",\"@id\":\"https:\/\/vslg.cz\/sk\/#website\",\"url\":\"https:\/\/vslg.cz\/sk\/\",\"name\":\"Vysok\u00e1 \u0161kola logistiky o.p.s\",\"description\":\"Kvalita. Prest\u00ed\u017e. \u00daspech. Prec\u00edznos\u0165.\",\"potentialAction\":[{\"@type\":\"SearchAction\",\"target\":{\"@type\":\"EntryPoint\",\"urlTemplate\":\"https:\/\/vslg.cz\/sk\/?s={search_term_string}\"},\"query-input\":{\"@type\":\"PropertyValueSpecification\",\"valueRequired\":true,\"valueName\":\"search_term_string\"}}],\"inLanguage\":\"sk-SK\"}]}<\/script>\n<!-- \/ Yoast SEO plugin. -->","yoast_head_json":{"title":"Kombinovan\u00e9 \u0161t\u00fadium - Vysok\u00e1 \u0161kola logistiky o.p.s","robots":{"index":"index","follow":"follow","max-snippet":"max-snippet:-1","max-image-preview":"max-image-preview:large","max-video-preview":"max-video-preview:-1"},"canonical":"https:\/\/vslg.cz\/sk\/kombinovane-studium\/","og_locale":"sk_SK","og_type":"article","og_title":"Kombinovan\u00e9 \u0161t\u00fadium - Vysok\u00e1 \u0161kola logistiky o.p.s","og_url":"https:\/\/vslg.cz\/sk\/kombinovane-studium\/","og_site_name":"Vysok\u00e1 \u0161kola logistiky o.p.s","article_modified_time":"2025-09-22T12:57:09+00:00","og_image":[{"width":1920,"height":1280,"url":"https:\/\/vslg.cz\/wp-content\/uploads\/2021\/01\/pexels-pixabay-159213.jpg","type":"image\/jpeg"}],"twitter_card":"summary_large_image","twitter_misc":{"Predpokladan\u00fd \u010das \u010d\u00edtania":"1 min\u00fata"},"schema":{"@context":"https:\/\/schema.org","@graph":[{"@type":"WebPage","@id":"https:\/\/vslg.cz\/sk\/kombinovane-studium\/","url":"https:\/\/vslg.cz\/sk\/kombinovane-studium\/","name":"Kombinovan\u00e9 \u0161t\u00fadium - Vysok\u00e1 \u0161kola logistiky o.p.s","isPartOf":{"@id":"https:\/\/vslg.cz\/sk\/#website"},"primaryImageOfPage":{"@id":"https:\/\/vslg.cz\/sk\/kombinovane-studium\/#primaryimage"},"image":{"@id":"https:\/\/vslg.cz\/sk\/kombinovane-studium\/#primaryimage"},"thumbnailUrl":"https:\/\/vslg.cz\/wp-content\/uploads\/2021\/01\/pexels-pixabay-159213.jpg","datePublished":"2021-02-02T15:59:07+00:00","dateModified":"2025-09-22T12:57:09+00:00","breadcrumb":{"@id":"https:\/\/vslg.cz\/sk\/kombinovane-studium\/#breadcrumb"},"inLanguage":"sk-SK","potentialAction":[{"@type":"ReadAction","target":["https:\/\/vslg.cz\/sk\/kombinovane-studium\/"]}]},{"@type":"ImageObject","inLanguage":"sk-SK","@id":"https:\/\/vslg.cz\/sk\/kombinovane-studium\/#primaryimage","url":"https:\/\/vslg.cz\/wp-content\/uploads\/2021\/01\/pexels-pixabay-159213.jpg","contentUrl":"https:\/\/vslg.cz\/wp-content\/uploads\/2021\/01\/pexels-pixabay-159213.jpg","width":1920,"height":1280},{"@type":"BreadcrumbList","@id":"https:\/\/vslg.cz\/sk\/kombinovane-studium\/#breadcrumb","itemListElement":[{"@type":"ListItem","position":1,"name":"Vysok\u00e1 \u0161kola logistiky","item":"https:\/\/vslg.cz\/sk\/"},{"@type":"ListItem","position":2,"name":"Kombinovan\u00e9 \u0161t\u00fadium"}]},{"@type":"WebSite","@id":"https:\/\/vslg.cz\/sk\/#website","url":"https:\/\/vslg.cz\/sk\/","name":"Vysok\u00e1 \u0161kola logistiky o.p.s","description":"Kvalita. Prest\u00ed\u017e. \u00daspech. Prec\u00edznos\u0165.","potentialAction":[{"@type":"SearchAction","target":{"@type":"EntryPoint","urlTemplate":"https:\/\/vslg.cz\/sk\/?s={search_term_string}"},"query-input":{"@type":"PropertyValueSpecification","valueRequired":true,"valueName":"search_term_string"}}],"inLanguage":"sk-SK"}]}},"meta_box":{"vav_section_cloneable_group":[{"vav_section_cloneable_style":"classic_style"}],"pt_ucp_domov_banner_heading":"","pt_ucp_domov_banner_subheading":"","pt_ucp_domov_banner_link":"","banner_side_buttons":[{"banner_side_buttons_mobile_hide":"1","banner_side_buttons_mobile_transparent":"1"}],"pt_ucp_domov_studium":[],"tp_textr_imagel_video_domov_heading":"","tp_textr_imagel_video_domov_img":[],"tp_textr_imagel_video_domov_url":"","pt_ucp_domov_predstavenie_heading":"","pt_ucp_domov_predstavenie_text":"","pt_ucp_domov_predstavenie_btn":"","pt_ucp_domov_predstavenie_link":"","pt_ucp_domov_predstavenie_obrazok":[],"pt_ucp_domov_dod_nadpis":"","pt_ucp_domov_dod_text":"","pt_ucp_domov_dod_skola_1":[],"tp_onas_textl_imager_heading":"","tp_onas_textl_imager_text":"","tp_onas_textl_imager_btn_text":"","tp_onas_textl_imager_btn_url":"","tp_onas_textl_imager_img":[],"tp_textr_imagel_onas_heading":"","tp_textr_imagel_onas_text":"","tp_textr_imagel_onas_btn_text":"","tp_textr_imagel_onas_btn_url":"","tp_textr_imagel_onas_img":[],"tp_head_text_btns_onas_heading":"","tp_head_text_btns_onas_text":"","tp_head_text_btns_onas":[],"tp_onas_partneri_textl_imager_heading":"","tp_onas_partneri_textl_imager_text":"","tp_onas_partneri_textl_imager_btn_text":"","tp_onas_partneri_textl_imager_btn_url":"","tp_onas_partneri_textl_imager_img":[],"pt_onas_genpartneri_heading":"","pt_onas_genpartneri_text":"","tp_genpartners_slider":[],"pt_onas_partneri_heading":"","pt_onas_partneri_text":"","tp_partners_slider":[],"pt_ucp_about_absolventi_infobox_heading_1":"","pt_ucp_about_absolventi_infobox_text_1":"","pt_ucp_about_absolventi_infobox_heading_2":"","pt_ucp_about_absolventi_infobox_text_2":"","pt_ucp_about_absolventi_infobox_heading_3":"","pt_ucp_about_absolventi_infobox_text_3":"","pt_ucp_about_absolventi_heading":"","pt_ucp_about_absolventi_text":"","pt_ucp_about_absolventi_obrazok":[],"pt_ucp_about_absolventi_slider_heading":"","pt_ucp_about_absolventi_slider_text":"","pg_kontakt_mesta_heading":"","pg_kontakt_mesta_text":"","tp_image_contact_boxes_kontakt":[],"pg_kontakt_form_subheading":"","pg_kontakt_form_heading":"","pg_kontakt_form_shortcode":"","pg_instituty":[{"pg_instituty_address":[{"_state":"expanded"}],"_state":"expanded"}],"tp_image_text_cloneable_doplnit_group":[{"tp_image_text_cloneable_doplnit_style":"textl_imager"}],"tp_textr_imagel_video_whyucp_heading":"","tp_textr_imagel_video_whyucp_text":"","tp_textr_imagel_video_whyucp_btn_text":"","tp_textr_imagel_video_whyucp_btn_url":"","tp_textr_imagel_video_whyucp_img":[],"tp_textr_imagel_video_whyucp_url":"","tp_textl_imager_prijmaciekonanie_heading":"","tp_textl_imager_prijmaciekonanie_text":"","tp_textl_imager_prijmaciekonanie_btn_text":"","tp_textl_imager_prijmaciekonanie_btn_url":"","tp_textl_imager_prijmaciekonanie_img":[],"tp_numbered_boxes_textgroup_prijmaciekonanie":[],"tp_numbered_boxes_btngroup_prijmaciekonanie":[],"pg_prijimacie_konanie_more_heading":"","pg_prijimacie_konanie_more_text":"","tp_head_text_btns_prijimacie_konanie_more":[],"prijmaciekonanie_cennik_header":"","prijmaciekonanie_cennik_benefits":[],"prijmaciekonanie_cennik_aboveswitch_headline":"","prijmaciekonanie_cennik_aboveswitch_text":"","prijmaciekonanie_cennik_praha_packages":[],"prijmaciekonanie_cennik_praha_skolne_abovehead":"","prijmaciekonanie_cennik_praha_skolne_head":"","prijmaciekonanie_cennik_praha_skolne_text":"","prijmaciekonanie_cennik_praha_skolne_first":[],"prijmaciekonanie_cennik_praha_skolne_second":[],"prijmaciekonanie_cennik_praha_skolne_footer":"","prijmaciekonanie_cennik_bratislava_packages_bc_head":"","prijmaciekonanie_cennik_bratislava_packages_bc_text":"","prijmaciekonanie_cennik_bratislava_packages":[],"prijmaciekonanie_cennik_bratislava_packages_mgr_head":"","prijmaciekonanie_cennik_bratislava_packages_mgr_text":"","prijmaciekonanie_cennik_mgr_bratislava_packages":[],"prijmaciekonanie_cennik_bratislava_skolne_abovehead":"","prijmaciekonanie_cennik_bratislava_skolne_head":"","prijmaciekonanie_cennik_bratislava_skolne_text":"","prijmaciekonanie_cennik_bratislava_skolne_first":[],"prijmaciekonanie_cennik_bratislava_skolne_second":[],"prijmaciekonanie_cennik_bratislava_skolne_footer":"","prijmaciekonanie_cennik_prahaupd_packages_bc_head":"","prijmaciekonanie_cennik_prahaupd_packages_bc_text":"","prijmaciekonanie_cennik_prahaupd_packages":[],"prijmaciekonanie_cennik_prahaupd_packages_mgr_head":"","prijmaciekonanie_cennik_prahaupd_packages_mgr_text":"","prijmaciekonanie_cennik_mgr_prahaupd_packages":[],"prijmaciekonanie_cennik_prahaupd_skolne_abovehead":"","prijmaciekonanie_cennik_prahaupd_skolne_head":"","prijmaciekonanie_cennik_prahaupd_skolne_text":"","prijmaciekonanie_cennik_prahaupd_skolne_first":[],"prijmaciekonanie_cennik_prahaupd_skolne_second":[],"prijmaciekonanie_cennik_prahaupd_skolne_footer":"","tp_textl_imager_navsteva_heading":"","tp_textl_imager_navsteva_text":"","tp_textl_imager_navsteva_btn_text":"","tp_textl_imager_navsteva_btn_url":"","tp_textl_imager_navsteva_img":[],"tp_textr_imagel_navsteva_heading":"","tp_textr_imagel_navsteva_text":"","tp_textr_imagel_navsteva_btn_text":"","tp_textr_imagel_navsteva_btn_url":"","tp_textr_imagel_navsteva_img":[],"tp_head_text_btns_vzdelavanie_heading":"","tp_head_text_btns_vzdelavanie_text":"","tp_head_text_btns_vzdelavanie":[],"tp_textr_imagel_vzdelavanie_heading":"","tp_textr_imagel_vzdelavanie_text":"","tp_textr_imagel_vzdelavanie_btn_text":"","tp_textr_imagel_vzdelavanie_btn_url":"","tp_textr_imagel_vzdelavanie_img":[],"tp_textr_imagel_video_vzdelavanie_heading":"","tp_textr_imagel_video_vzdelavanie_text":"","tp_textr_imagel_video_vzdelavanie_btn_text":"","tp_textr_imagel_video_vzdelavanie_btn_url":"","tp_textr_imagel_video_vzdelavanie_img":[],"tp_textr_imagel_video_vzdelavanie_url":"","pt_kombstud_text_boxes":[{"pt_kombstud_text_boxes_title":"\u0160tudova\u0165 kombinovane","pt_kombstud_text_boxes_subtitle":"je mo\u017en\u00e9 na v\u0161etk\u00fdch pon\u00fakan\u00fdch \u0161tudijn\u00fdch programoch."},{"pt_kombstud_text_boxes_title":"D\u013a\u017eka \u0161t\u00fadia","pt_kombstud_text_boxes_subtitle":"sa kombinovan\u00fdm \u0161t\u00fadiom nepredl\u017euje."},{"pt_kombstud_text_boxes_title":"V\u00fdu\u010dba prebieha","pt_kombstud_text_boxes_subtitle":"blokovou formou maxim\u00e1lne v 6 a\u017e 7 term\u00ednoch za semester. "}],"tp_textl_imager_kombstud_heading":"Pr\u00edle\u017eitos\u0165 pre v\u0161etk\u00fdch","tp_textl_imager_kombstud_text":"<p>Kombinovan\u00e9 \u0161t\u00fadium je ur\u010den\u00e9 pre v\u0161etk\u00fdch \u0161tudentov, ktor\u00ed sa musia po\u010das pracovn\u00e9ho t\u00fd\u017ed\u0148a venova\u0165 aj in\u00fdm z\u00e1le\u017eitostiam a nemaj\u00fa \u010das nav\u0161tevova\u0165 \u0161kolu nieko\u013ekokr\u00e1t do t\u00fd\u017ed\u0148a. Kombinovan\u00e9 \u0161t\u00fadium na V\u0160LG prebieha blokovou formou, a to v piatky poobede a v soboty v\u017edy raz za 2-3 t\u00fd\u017ed\u0148e. V\u010faka takto dobre nastaven\u00e9mu rozvrhu m\u00f4\u017eu aj pracovne vy\u0165a\u017een\u00ed \u0161tudenti \u00faspe\u0161ne dokon\u010di\u0165 svoje \u0161t\u00fadium na V\u0160LG.<\/p>\n","tp_textl_imager_kombstud_btn_text":"","tp_textl_imager_kombstud_btn_url":"","tp_textl_imager_kombstud_img":[{"width":150,"height":150,"file":"2021\/03\/vsmvv_056-scaled.jpg","sizes":{"medium":{"file":"vsmvv_056-300x200.jpg","width":300,"height":200,"mime-type":"image\/jpeg","url":"https:\/\/vslg.cz\/wp-content\/uploads\/2021\/03\/vsmvv_056-300x200.jpg"},"large":{"file":"vsmvv_056-1024x683.jpg","width":1024,"height":683,"mime-type":"image\/jpeg","url":"https:\/\/vslg.cz\/wp-content\/uploads\/2021\/03\/vsmvv_056-1024x683.jpg"},"thumbnail":{"file":"vsmvv_056-150x150.jpg","width":150,"height":150,"mime-type":"image\/jpeg","url":"https:\/\/vslg.cz\/wp-content\/uploads\/2021\/03\/vsmvv_056-150x150.jpg"},"medium_large":{"file":"vsmvv_056-768x512.jpg","width":768,"height":512,"mime-type":"image\/jpeg","url":"https:\/\/vslg.cz\/wp-content\/uploads\/2021\/03\/vsmvv_056-768x512.jpg"},"1536x1536":{"file":"vsmvv_056-1536x1024.jpg","width":1536,"height":1024,"mime-type":"image\/jpeg","url":"https:\/\/vslg.cz\/wp-content\/uploads\/2021\/03\/vsmvv_056-1536x1024.jpg"},"2048x2048":{"file":"vsmvv_056-2048x1365.jpg","width":2048,"height":1365,"mime-type":"image\/jpeg","url":"https:\/\/vslg.cz\/wp-content\/uploads\/2021\/03\/vsmvv_056-2048x1365.jpg"}},"image_meta":{"aperture":"2","credit":"","camera":"X-Pro3","caption":"","created_timestamp":"1582723740","copyright":"","focal_length":"50","iso":"400","shutter_speed":"0.008","title":"","orientation":"0","keywords":[]},"original_image":"vsmvv_056.jpg","ID":528,"name":"vsmvv_056-scaled.jpg","path":"\/data\/c\/e\/ce2da511-b0de-447d-b0e3-b8691bdd2f52\/vslg.cz\/web\/wp-content\/uploads\/2021\/03\/vsmvv_056-scaled.jpg","url":"https:\/\/vslg.cz\/wp-content\/uploads\/2021\/03\/vsmvv_056-150x150.jpg","full_url":"https:\/\/vslg.cz\/wp-content\/uploads\/2021\/03\/vsmvv_056-scaled.jpg","title":"vsmvv_056","caption":"","description":"","alt":"","srcset":false}],"kombstud_faq_heading":"D\u00f4le\u017eit\u00e9 inform\u00e1cie","kombstud_faq_text":"","kombstud_faq_faq_group":[{"kombstud_faq_title":"Harmonogram kombinovan\u00e9ho \u0161t\u00fadia - Praha, P\u0159erov a Bratislava","kombstud_faq_content":"Term\u00edny v\u00fdu\u010dby pre zimn\u00fd a letn\u00fd semester n\u00e1jdete <a href=\"\/wp-content\/uploads\/2025\/09\/Terminy-vyuky-KF-studia-Bc.-NM-AR-2025-2026.pdf\">tu<\/a>."},{"kombstud_faq_title":"M\u00f4\u017eem prest\u00fapi\u0165 z dennej formy na kombinovan\u00e9 \u0161t\u00fadium a naopak?","kombstud_faq_content":"\u00c1no, prestup medzi formami \u0161t\u00fadia je mo\u017en\u00fd v\u017edy po \u00faspe\u0161nom ukon\u010den\u00ed semestra."},{"kombstud_faq_title":"Nest\u00edham sa z\u00fa\u010dastnit niektor\u00fdch predn\u00e1\u0161kovych blokov, m\u00f4\u017eem by\u0165 za to penalizovan\u00fd na sk\u00fa\u0161kach? ","kombstud_faq_content":"Nie. Doch\u00e1dzka sa nezoh\u013ead\u0148uje pri kone\u010dnom hodnoten\u00ed. Av\u0161ak ak by ste z pracovn\u00fdch alebo in\u00fdch d\u00f4vodov nemohli nav\u0161tevova\u0165 ani jednotliv\u00e9 s\u00fastredenia pre kombinovan\u00fdch \u0161tudentov, m\u00f4\u017ee \u0161tudent po\u017eiada\u0165 rektora\u00a0 o schv\u00e1lenie individu\u00e1lneho \u0161tudijn\u00e9ho pl\u00e1nu."},{"kombstud_faq_title":"S\u00fa materi\u00e1ly dostupn\u00e9 online? ","kombstud_faq_content":"\u00c1no, v\u00e4\u010d\u0161ina \u0161tudijn\u00fdch materi\u00e1lov s\u00fa dostupn\u00e9 online."},{"kombstud_faq_title":"Je mo\u017en\u00e9 fakturova\u0165 platbu \u0161koln\u00e9 na zamestn\u00e1vate\u013ea a je da\u0148ovo uznate\u013en\u00fdm n\u00e1kladom?","kombstud_faq_content":"\u00c1no, je to mo\u017en\u00e9. Je potrebn\u00e9 n\u00e1m doda\u0165 faktura\u010dn\u00e9 \u00fadaje firmy a n\u00e1sledne sa m\u00f4\u017ee \u00fahrada \u0161koln\u00e9ho pou\u017ei\u0165 ako da\u0148ovo uznate\u013en\u00fd n\u00e1klad."}],"kombstud_faq_group":[],"tp_onas_historia_textl_imager_heading":"","tp_onas_historia_textl_imager_text":"","tp_onas_historia_textl_imager_btn_text":"","tp_onas_historia_textl_imager_btn_url":"","tp_onas_historia_textl_imager_img":[],"tp_textr_imagel_historia_heading":"","tp_textr_imagel_historia_text":"","tp_textr_imagel_historia_btn_text":"","tp_textr_imagel_historia_btn_url":"","tp_textr_imagel_historia_img":[],"tp_onas_historia_textl_imager2_heading":"","tp_onas_historia_textl_imager2_text":"","tp_onas_historia_textl_imager2_btn_text":"","tp_onas_historia_textl_imager2_btn_url":"","tp_onas_historia_textl_imager2_img":[],"tp_textr_imagel2_historia_heading":"","tp_textr_imagel2_historia_text":"","tp_textr_imagel2_historia_btn_text":"","tp_textr_imagel2_historia_btn_url":"","tp_textr_imagel2_historia_img":[],"pt_vzdelavanie_bc_infobox_heading_1":"","pt_vzdelavanie_bc_infobox_text_1":"","pt_vzdelavanie_bc_infobox_heading_2":"","pt_vzdelavanie_bc_infobox_text_2":"","pt_vzdelavanie_bc_infobox_heading_3":"","pt_vzdelavanie_bc_infobox_text_3":"","pt_vzdelavanie_bc_prijatie_heading":"","pt_vzdelavanie_bc_prijatie_text":"","pt_vzdelavanie_bc_prijatie_btns":[],"pt_vzdelavanie_bc_info_heading":"","pt_vzdelavanie_bc_info_text":"","pt_vzdelavanie_bc_info_btn_text":"","pt_vzdelavanie_bc_info_btn_url":"","pt_vzdelavanie_bc_info_img":[],"pt_vzdelavanie_bc_references_above_head":"","pt_vzdelavanie_bc_references_above_text":"","pt_vzdelavanie_bc_references":[],"pt_vzdelavanie_ing_infobox_heading_1":"","pt_vzdelavanie_ing_infobox_text_1":"","pt_vzdelavanie_ing_infobox_heading_2":"","pt_vzdelavanie_ing_infobox_text_2":"","pt_vzdelavanie_ing_infobox_heading_3":"","pt_vzdelavanie_ing_infobox_text_3":"","pt_vzdelavanie_ing_prijatie_heading":"","pt_vzdelavanie_ing_prijatie_text":"","pt_vzdelavanie_ing_prijatie_btns":[],"pt_vzdelavanie_ing_info_heading":"","pt_vzdelavanie_ing_info_text":"","pt_vzdelavanie_ing_info_btn_text":"","pt_vzdelavanie_ing_info_btn_url":"","pt_vzdelavanie_ing_info_img":[],"pt_vzdelavanie_ing_references_above_head":"","pt_vzdelavanie_ing_references_above_text":"","pt_vzdelavanie_ing_references":[],"pt_vzdelavanie_zivot_prijatie_heading":"","pt_vzdelavanie_zivot_prijatie_text":"","pt_vzdelavanie_zivot_prijatie_btns":[],"pt_vzdelavanie_zivot_info_heading":"","pt_vzdelavanie_zivot_info_text":"","pt_vzdelavanie_zivot_info_btn_text":"","pt_vzdelavanie_zivot_info_btn_url":"","pt_vzdelavanie_zivot_info_img":[],"tp_textr_imagel_vzdelavanie_zivot_heading":"","tp_textr_imagel_vzdelavanie_zivot_text":"","tp_textr_imagel_vzdelavanie_zivot_btn_text":"","tp_textr_imagel_vzdelavanie_zivot_btn_url":"","tp_textr_imagel_vzdelavanie_zivot_img":[],"pg_zivot_ucp_mesta_heading":"","pg_zivot_ucp_mesta_text":"","pg_zivot_ucp_mesta":[],"pg_zivot_ucp_mesto_video_heading":"","pg_zivot_ucp_mesto_video_text":"","pg_zivot_ucp_mesto_video_btn_text":"","pg_zivot_ucp_mesto_video_btn_url":"","pg_zivot_ucp_mesto_video_img":[],"pg_zivot_ucp_mesto_video_url":"","pg_zivot_ucp_mesto_more_heading":"","pg_zivot_ucp_mesto_more_text":"","pg_zivot_ucp_mesto_links_heading":"","pg_zivot_ucp_mesto_links":[],"pg_prihlaska":[{"_state":"expanded"}],"pt_ucp_dod_undernadpis":"","pt_ucp_dod_undertext":"","url":"","uradna_tabula":[{"uradna_tabula_document":[{"uradna_tabula_type":"<img src=\"\/wp-content\/themes\/united-collage-prague-skola\/assets\/images\/icons\/pdf_icon.svg\">","_state":"expanded"}],"_state":"expanded"}],"akademicky_kalendar":[{"_state":"expanded"}],"pg_studijne_kontakty_head":"","pg_studijne_kontakty_text":"","pg_studijne_kontakty":[],"pg_studijne_obmedzenie_head":"","pg_studijne_obmedzenie_text":"","pg_studijne_oddelenie":[{"pg_studijne_oddelenie_hodiny":[["A"]]}],"tp_textr_imagel_studiumodunora_heading":"","tp_textr_imagel_studiumodunora_text":"","tp_textr_imagel_studiumodunora_btn_text":"","tp_textr_imagel_studiumodunora_btn_url":"","tp_textr_imagel_studiumodunora_img":[],"studiumodunora_prihlaska_abovehead":"","studiumodunora_prihlaska_head":"","studiumodunora_prihlaska_text":"","studiumodunora_prihlaska_btnwrap":[],"studiumodunora_programy_heading":"","studiumodunora_programy_text":"","studiumodunora_programy_faq_group":[],"studiumodunora_programy_group":[],"veltrh_group":[],"pg_katedra":[],"pg_katedra_head":"","pg_katedra_text":"","pg_hostia_z_praxe":[],"tp_mba_where_aboveheading":"","tp_mba_where_abovetext":"","tp_head_mba_where_btns":[],"tp_mba_text_heading":"","tp_mba_text_text":"","mba_rozvrh":[{"mba_rozvrh_document":[{"mba_rozvrh_type":"Zimn\u00fd","_state":"expanded"}],"_state":"expanded"}],"tp_image_boxes_mba_heading":"","tp_image_boxes_mba":[],"mba_partners_slider_heading":"","mba_partners_slider":[],"mba_faq_heading":"","mba_faq_text":"","mba_faq_faq_group":[],"mba_faq_group":[],"mba_prihlaska_abovehead":"","mba_prihlaska_head":"","mba_prihlaska_text":"","mba_prihlaska_btnwrap":[],"cennik_vsh_header":"","cennik_vsh_benefits":[],"cennik_vsh_praha_packages_bc_head":"","cennik_vsh_praha_packages_bc_text":"","cennik_vsh_praha_packages":[],"cennik_vsh_praha_packages_bccomb_head":"","cennik_vsh_praha_packages_bccomb_text":"","cennik_vsh_praha_packages_bccomb":[],"cennik_vsh_praha_packages_mgr_head":"","cennik_vsh_praha_packages_mgr_text":"","cennik_vsh_mgr_praha_packages":[],"cennik_vsh_praha_packages_mgr_head_combform":"","cennik_vsh_praha_packages_mgr_text_combform":"","cennik_vsh_mgr_praha_packages_combform":[],"cennik_vsh_praha_skolne_abovehead":"","cennik_vsh_praha_skolne_head":"","cennik_vsh_praha_skolne_text":"","cennik_vsh_praha_skolne_first":[],"cennik_vsh_praha_skolne_second":[],"cennik_vsh_praha_skolne_footer":"","cennik_vsh_znojmo_packages_bc_head":"","cennik_vsh_znojmo_packages_bc_text":"","cennik_vsh_znojmo_packages":[],"cennik_vsh_znojmo_packages_bccomb_head":"","cennik_vsh_znojmo_packages_bccomb_text":"","cennik_vsh_znojmo_packages_bccomb":[],"cennik_vsh_znojmo_packages_mgr_head":"","cennik_vsh_znojmo_packages_mgr_text":"","cennik_vsh_mgr_znojmo_packages":[],"cennik_vsh_znojmo_packages_mgr_head_combform":"","cennik_vsh_znojmo_packages_mgr_text_combform":"","cennik_vsh_mgr_znojmo_packages_combform":[],"cennik_vsh_znojmo_skolne_abovehead":"","cennik_vsh_znojmo_skolne_head":"","cennik_vsh_znojmo_skolne_text":"","cennik_vsh_znojmo_skolne_first":[],"cennik_vsh_znojmo_skolne_second":[],"cennik_vsh_znojmo_skolne_footer":"","cennik_vsh_bratislava_packages_bc_head":"","cennik_vsh_bratislava_packages_bc_text":"","cennik_vsh_bratislava_packages":[],"cennik_vsh_bratislava_packages_bccomb_head":"","cennik_vsh_bratislava_packages_bccomb_text":"","cennik_vsh_bratislava_packages_bccomb":[],"cennik_vsh_bratislava_packages_mgr_head":"","cennik_vsh_bratislava_packages_mgr_text":"","cennik_vsh_mgr_bratislava_packages":[],"cennik_vsh_bratislava_packages_mgr_head_combform":"","cennik_vsh_bratislava_packages_mgr_text_combform":"","cennik_vsh_mgr_bratislava_packages_combform":[],"cennik_vsh_bratislava_skolne_abovehead":"","cennik_vsh_bratislava_skolne_head":"","cennik_vsh_bratislava_skolne_text":"","cennik_vsh_bratislava_skolne_first":[],"cennik_vsh_bratislava_skolne_second":[],"cennik_vsh_bratislava_skolne_footer":"","vslg_cennik_header":"","vslg_cennik_benefits":[],"vslg_cennik_aboveswitch_headline":"","vslg_cennik_aboveswitch_text":"","vslg_cennik_winter_packages_bc_head":"","vslg_cennik_winter_packages":[],"vslg_cennik_winter_packages_mgr_head":"","vslg_cennik_mgr_winter_packages":[],"vslg_cennik_winter_skolne_abovehead":"","vslg_cennik_winter_skolne_head":"","vslg_cennik_winter_skolne_text":"","vslg_cennik_winter_skolne_first":[],"vslg_cennik_winter_skolne_second":[],"vslg_cennik_winter_skolne_footer":"","vslg_cennik_summer_packages_bc_head":"","vslg_cennik_summer_packages":[],"vslg_cennik_summer_packages_mgr_head":"","vslg_cennik_mgr_summer_packages":[],"vslg_cennik_summer_skolne_abovehead":"","vslg_cennik_summer_skolne_head":"","vslg_cennik_summer_skolne_text":"","vslg_cennik_summer_skolne_first":[],"vslg_cennik_summer_skolne_second":[],"vslg_cennik_summer_skolne_footer":""},"_links":{"self":[{"href":"https:\/\/vslg.cz\/sk\/wp-json\/wp\/v2\/pages\/161","targetHints":{"allow":["GET"]}}],"collection":[{"href":"https:\/\/vslg.cz\/sk\/wp-json\/wp\/v2\/pages"}],"about":[{"href":"https:\/\/vslg.cz\/sk\/wp-json\/wp\/v2\/types\/page"}],"author":[{"embeddable":true,"href":"https:\/\/vslg.cz\/sk\/wp-json\/wp\/v2\/users\/10"}],"replies":[{"embeddable":true,"href":"https:\/\/vslg.cz\/sk\/wp-json\/wp\/v2\/comments?post=161"}],"version-history":[{"count":4,"href":"https:\/\/vslg.cz\/sk\/wp-json\/wp\/v2\/pages\/161\/revisions"}],"predecessor-version":[{"id":5542,"href":"https:\/\/vslg.cz\/sk\/wp-json\/wp\/v2\/pages\/161\/revisions\/5542"}],"wp:featuredmedia":[{"embeddable":true,"href":"https:\/\/vslg.cz\/sk\/wp-json\/wp\/v2\/media\/130"}],"wp:attachment":[{"href":"https:\/\/vslg.cz\/sk\/wp-json\/wp\/v2\/media?parent=161"}],"curies":[{"name":"wp","href":"https:\/\/api.w.org\/{rel}","templated":true}]}}