{"id":1915,"date":"2021-07-04T20:34:39","date_gmt":"2021-07-04T18:34:39","guid":{"rendered":"https:\/\/vslg.cz\/tuition\/"},"modified":"2025-11-03T15:31:45","modified_gmt":"2025-11-03T14:31:45","slug":"tuition","status":"publish","type":"page","link":"https:\/\/vslg.cz\/en\/tuition\/","title":{"rendered":"Tuition"},"content":{"rendered":"","protected":false},"excerpt":{"rendered":"<p>Education does not lose value. <\/p>\n","protected":false},"author":10,"featured_media":0,"parent":0,"menu_order":0,"comment_status":"closed","ping_status":"closed","template":"page-templates\/cennik_vslg.php","meta":{"inline_featured_image":false,"footnotes":""},"class_list":["post-1915","page","type-page","status-publish","hentry"],"yoast_head":"<!-- This site is optimized with the Yoast SEO plugin v26.8 - https:\/\/yoast.com\/product\/yoast-seo-wordpress\/ -->\n<title>Tuition - Vysok\u00e1 \u0161kola logistiky o.p.s<\/title>\n<meta name=\"robots\" content=\"index, follow, max-snippet:-1, max-image-preview:large, max-video-preview:-1\" \/>\n<link rel=\"canonical\" href=\"https:\/\/vslg.cz\/en\/tuition\/\" \/>\n<meta property=\"og:locale\" content=\"en_US\" \/>\n<meta property=\"og:type\" content=\"article\" \/>\n<meta property=\"og:title\" content=\"Tuition - Vysok\u00e1 \u0161kola logistiky o.p.s\" \/>\n<meta property=\"og:description\" content=\"Education does not lose value.\" \/>\n<meta property=\"og:url\" content=\"https:\/\/vslg.cz\/en\/tuition\/\" \/>\n<meta property=\"og:site_name\" content=\"Vysok\u00e1 \u0161kola logistiky o.p.s\" \/>\n<meta property=\"article:modified_time\" content=\"2025-11-03T14:31:45+00:00\" \/>\n<meta name=\"twitter:card\" content=\"summary_large_image\" \/>\n<script type=\"application\/ld+json\" class=\"yoast-schema-graph\">{\"@context\":\"https:\/\/schema.org\",\"@graph\":[{\"@type\":\"WebPage\",\"@id\":\"https:\/\/vslg.cz\/en\/tuition\/\",\"url\":\"https:\/\/vslg.cz\/en\/tuition\/\",\"name\":\"Tuition - Vysok\u00e1 \u0161kola logistiky o.p.s\",\"isPartOf\":{\"@id\":\"https:\/\/vslg.cz\/en\/#website\"},\"datePublished\":\"2021-07-04T18:34:39+00:00\",\"dateModified\":\"2025-11-03T14:31:45+00:00\",\"breadcrumb\":{\"@id\":\"https:\/\/vslg.cz\/en\/tuition\/#breadcrumb\"},\"inLanguage\":\"en-US\",\"potentialAction\":[{\"@type\":\"ReadAction\",\"target\":[\"https:\/\/vslg.cz\/en\/tuition\/\"]}]},{\"@type\":\"BreadcrumbList\",\"@id\":\"https:\/\/vslg.cz\/en\/tuition\/#breadcrumb\",\"itemListElement\":[{\"@type\":\"ListItem\",\"position\":1,\"name\":\"Vysok\u00e1 \u0161kola logistiky\",\"item\":\"https:\/\/vslg.cz\/en\/\"},{\"@type\":\"ListItem\",\"position\":2,\"name\":\"Tuition\"}]},{\"@type\":\"WebSite\",\"@id\":\"https:\/\/vslg.cz\/en\/#website\",\"url\":\"https:\/\/vslg.cz\/en\/\",\"name\":\"Vysok\u00e1 \u0161kola logistiky o.p.s\",\"description\":\"Kvalita. Prest\u00ed\u017e. \u00daspech. Prec\u00edznos\u0165.\",\"potentialAction\":[{\"@type\":\"SearchAction\",\"target\":{\"@type\":\"EntryPoint\",\"urlTemplate\":\"https:\/\/vslg.cz\/en\/?s={search_term_string}\"},\"query-input\":{\"@type\":\"PropertyValueSpecification\",\"valueRequired\":true,\"valueName\":\"search_term_string\"}}],\"inLanguage\":\"en-US\"}]}<\/script>\n<!-- \/ Yoast SEO plugin. -->","yoast_head_json":{"title":"Tuition - Vysok\u00e1 \u0161kola logistiky o.p.s","robots":{"index":"index","follow":"follow","max-snippet":"max-snippet:-1","max-image-preview":"max-image-preview:large","max-video-preview":"max-video-preview:-1"},"canonical":"https:\/\/vslg.cz\/en\/tuition\/","og_locale":"en_US","og_type":"article","og_title":"Tuition - Vysok\u00e1 \u0161kola logistiky o.p.s","og_description":"Education does not lose value.","og_url":"https:\/\/vslg.cz\/en\/tuition\/","og_site_name":"Vysok\u00e1 \u0161kola logistiky o.p.s","article_modified_time":"2025-11-03T14:31:45+00:00","twitter_card":"summary_large_image","schema":{"@context":"https:\/\/schema.org","@graph":[{"@type":"WebPage","@id":"https:\/\/vslg.cz\/en\/tuition\/","url":"https:\/\/vslg.cz\/en\/tuition\/","name":"Tuition - Vysok\u00e1 \u0161kola logistiky o.p.s","isPartOf":{"@id":"https:\/\/vslg.cz\/en\/#website"},"datePublished":"2021-07-04T18:34:39+00:00","dateModified":"2025-11-03T14:31:45+00:00","breadcrumb":{"@id":"https:\/\/vslg.cz\/en\/tuition\/#breadcrumb"},"inLanguage":"en-US","potentialAction":[{"@type":"ReadAction","target":["https:\/\/vslg.cz\/en\/tuition\/"]}]},{"@type":"BreadcrumbList","@id":"https:\/\/vslg.cz\/en\/tuition\/#breadcrumb","itemListElement":[{"@type":"ListItem","position":1,"name":"Vysok\u00e1 \u0161kola logistiky","item":"https:\/\/vslg.cz\/en\/"},{"@type":"ListItem","position":2,"name":"Tuition"}]},{"@type":"WebSite","@id":"https:\/\/vslg.cz\/en\/#website","url":"https:\/\/vslg.cz\/en\/","name":"Vysok\u00e1 \u0161kola logistiky o.p.s","description":"Kvalita. Prest\u00ed\u017e. \u00daspech. Prec\u00edznos\u0165.","potentialAction":[{"@type":"SearchAction","target":{"@type":"EntryPoint","urlTemplate":"https:\/\/vslg.cz\/en\/?s={search_term_string}"},"query-input":{"@type":"PropertyValueSpecification","valueRequired":true,"valueName":"search_term_string"}}],"inLanguage":"en-US"}]}},"meta_box":{"vav_section_cloneable_group":[{"vav_section_cloneable_style":"classic_style"}],"pt_ucp_domov_banner_heading":"","pt_ucp_domov_banner_subheading":"","pt_ucp_domov_banner_link":"","banner_side_buttons":[{"banner_side_buttons_mobile_hide":"1","banner_side_buttons_mobile_transparent":"1"}],"pt_ucp_domov_studium":[],"tp_textr_imagel_video_domov_heading":"","tp_textr_imagel_video_domov_img":[],"tp_textr_imagel_video_domov_url":"","pt_ucp_domov_predstavenie_heading":"","pt_ucp_domov_predstavenie_text":"","pt_ucp_domov_predstavenie_btn":"","pt_ucp_domov_predstavenie_link":"","pt_ucp_domov_predstavenie_obrazok":[],"pt_ucp_domov_dod_nadpis":"","pt_ucp_domov_dod_text":"","pt_ucp_domov_dod_skola_1":[],"tp_onas_textl_imager_heading":"","tp_onas_textl_imager_text":"","tp_onas_textl_imager_btn_text":"","tp_onas_textl_imager_btn_url":"","tp_onas_textl_imager_img":[],"tp_textr_imagel_onas_heading":"","tp_textr_imagel_onas_text":"","tp_textr_imagel_onas_btn_text":"","tp_textr_imagel_onas_btn_url":"","tp_textr_imagel_onas_img":[],"tp_head_text_btns_onas_heading":"","tp_head_text_btns_onas_text":"","tp_head_text_btns_onas":[],"tp_onas_partneri_textl_imager_heading":"","tp_onas_partneri_textl_imager_text":"","tp_onas_partneri_textl_imager_btn_text":"","tp_onas_partneri_textl_imager_btn_url":"","tp_onas_partneri_textl_imager_img":[],"pt_onas_genpartneri_heading":"","pt_onas_genpartneri_text":"","tp_genpartners_slider":[],"pt_onas_partneri_heading":"","pt_onas_partneri_text":"","tp_partners_slider":[],"pt_ucp_about_absolventi_infobox_heading_1":"","pt_ucp_about_absolventi_infobox_text_1":"","pt_ucp_about_absolventi_infobox_heading_2":"","pt_ucp_about_absolventi_infobox_text_2":"","pt_ucp_about_absolventi_infobox_heading_3":"","pt_ucp_about_absolventi_infobox_text_3":"","pt_ucp_about_absolventi_heading":"","pt_ucp_about_absolventi_text":"","pt_ucp_about_absolventi_obrazok":[],"pt_ucp_about_absolventi_slider_heading":"","pt_ucp_about_absolventi_slider_text":"","pg_kontakt_mesta_heading":"","pg_kontakt_mesta_text":"","tp_image_contact_boxes_kontakt":[],"pg_kontakt_form_subheading":"","pg_kontakt_form_heading":"","pg_kontakt_form_shortcode":"","pg_instituty":[{"pg_instituty_address":[{"_state":"expanded"}],"_state":"collapsed"}],"tp_image_text_cloneable_doplnit_group":[{"tp_image_text_cloneable_doplnit_style":"textl_imager"}],"tp_textr_imagel_video_whyucp_heading":"","tp_textr_imagel_video_whyucp_text":"","tp_textr_imagel_video_whyucp_btn_text":"","tp_textr_imagel_video_whyucp_btn_url":"","tp_textr_imagel_video_whyucp_img":[],"tp_textr_imagel_video_whyucp_url":"","tp_textl_imager_prijmaciekonanie_heading":"","tp_textl_imager_prijmaciekonanie_text":"","tp_textl_imager_prijmaciekonanie_btn_text":"","tp_textl_imager_prijmaciekonanie_btn_url":"","tp_textl_imager_prijmaciekonanie_img":[],"tp_numbered_boxes_textgroup_prijmaciekonanie":[],"tp_numbered_boxes_btngroup_prijmaciekonanie":[],"pg_prijimacie_konanie_more_heading":"","pg_prijimacie_konanie_more_text":"","tp_head_text_btns_prijimacie_konanie_more":[],"prijmaciekonanie_cennik_header":"","prijmaciekonanie_cennik_benefits":[{"prijmaciekonanie_cennik_headline":"Career","prijmaciekonanie_cennik_text":"V\u0160MVV graduates will easily find a job in their field.","prijmaciekonanie_cennik_icon":["1318"]},{"prijmaciekonanie_cennik_headline":"Personal approach","prijmaciekonanie_cennik_text":"For us, you are personalities and not numbers in the index.","prijmaciekonanie_cennik_icon":["1270"]},{"prijmaciekonanie_cennik_headline":"Community","prijmaciekonanie_cennik_text":"All graduates are always welcome at all V\u0160MVV events and have lifetime access to the library.","prijmaciekonanie_cennik_icon":["1278"]}],"prijmaciekonanie_cennik_aboveswitch_headline":"Tuition fees for full-time and part-time form of bachelor's and master's studies","prijmaciekonanie_cennik_aboveswitch_text":"<p>The type of tuition varies depending on the city. Students in Prague have a choice of three study packages. Students in Bratislava have a uniform type of tuition, which differs only on the basis of the degree and form of study.<\/p>\n","prijmaciekonanie_cennik_praha_packages":[{"prijmaciekonanie_cennik_praha_packages_label":"Prague Bronze","prijmaciekonanie_cennik_praha_packages_price":"27 500 CZK","prijmaciekonanie_cennik_praha_packages_time":"Per semester","prijmaciekonanie_cennik_praha_packages_text":"Basic package. Suitable for independent students whose learning is not a problem."},{"prijmaciekonanie_cennik_praha_packages_label":"Prague Silver","prijmaciekonanie_cennik_praha_packages_price":"32 000 CZK","prijmaciekonanie_cennik_praha_packages_time":"Per semester","prijmaciekonanie_cennik_praha_packages_text":"The most popular package. Suitable for students who want to be in closer contact with teachers and at the same time want to be able to adapt their studies to their needs."},{"prijmaciekonanie_cennik_praha_packages_label":"Prague Gold","prijmaciekonanie_cennik_praha_packages_price":"44 500 CZK","prijmaciekonanie_cennik_praha_packages_time":"Per semester","prijmaciekonanie_cennik_praha_packages_text":"The ultimate package. The student will receive maximum support for successful completion of studies and finding the job of dreams."}],"prijmaciekonanie_cennik_praha_skolne_abovehead":"Tuition","prijmaciekonanie_cennik_praha_skolne_head":"Tuition payment","prijmaciekonanie_cennik_praha_skolne_text":"The academic year consists of two semesters. Tuition is the same for combined and full-time study. School packages apply only to new applicants in the academic year 2020\/2021. For current students, the conditions set out in the contract they received when enrolling in the first year apply.","prijmaciekonanie_cennik_praha_skolne_first":[["Payment from the Czech Republic"],["Account:","CZ2801000000009256870297 (for payments from abroad)"],["VS:","Variable symbol, student's birth number"]],"prijmaciekonanie_cennik_praha_skolne_second":[["Payment from abroad"],["IBAN:","CZ6201000000868965510257"],["SWIFT (BIC):","KOMBCZPPXXX"]],"prijmaciekonanie_cennik_praha_skolne_footer":"<p>The account is maintained with KB, a. S., N\u00e1m. M\u00edru, Prague 2.<\/p>\n","prijmaciekonanie_cennik_bratislava_packages_bc_head":"Bachelor's degree","prijmaciekonanie_cennik_bratislava_packages_bc_text":"The bachelor's study lasts three years, even in a part-time form (thanks to Czech accreditations, the study is not extended by one year as usual).","prijmaciekonanie_cennik_bratislava_packages":[{"prijmaciekonanie_cennik_bratislava_packages_label":"Bratislava","prijmaciekonanie_cennik_bratislava_packages_price":"1050\u20ac","prijmaciekonanie_cennik_bratislava_packages_time":"Per semester full-time"},{"prijmaciekonanie_cennik_bratislava_packages_label":"Bratislava","prijmaciekonanie_cennik_bratislava_packages_price":"899\u20ac","prijmaciekonanie_cennik_bratislava_packages_time":"Per semester part-time"}],"prijmaciekonanie_cennik_bratislava_packages_mgr_head":"Master's degree","prijmaciekonanie_cennik_bratislava_packages_mgr_text":"The master's study lasts two years, even in a part-time form (thanks to Czech accreditations, the study is not extended by one year as usual).","prijmaciekonanie_cennik_mgr_bratislava_packages":[{"prijmaciekonanie_cennik_mgr_bratislava_packages_label":"Bratislava","prijmaciekonanie_cennik_mgr_bratislava_packages_price":"1050\u20ac","prijmaciekonanie_cennik_mgr_bratislava_packages_time":"Per semester full-time"},{"prijmaciekonanie_cennik_mgr_bratislava_packages_label":"Bratislava","prijmaciekonanie_cennik_mgr_bratislava_packages_price":"999\u20ac","prijmaciekonanie_cennik_mgr_bratislava_packages_time":"Per semester part-time"}],"prijmaciekonanie_cennik_bratislava_skolne_abovehead":"Tuition","prijmaciekonanie_cennik_bratislava_skolne_head":"Tuition payment","prijmaciekonanie_cennik_bratislava_skolne_text":"The academic year consists of two semesters. Tuition fees for the academic semester can be divided into two installments. In exceptional cases, it can be divided into several installments.","prijmaciekonanie_cennik_bratislava_skolne_first":[["IBAN:","SK3765000000000020603749"],["SWIFT code:","POBNSKBA"]],"prijmaciekonanie_cennik_bratislava_skolne_second":[["Variable symbol:","Student's birth number"],["Bank","Po\u0161tov\u00e1 Banka"]],"prijmaciekonanie_cennik_bratislava_skolne_footer":"<p>Enter your name and surname in the payment note<\/p>\n","prijmaciekonanie_cennik_prahaupd_packages_bc_head":"","prijmaciekonanie_cennik_prahaupd_packages_bc_text":"","prijmaciekonanie_cennik_prahaupd_packages":[],"prijmaciekonanie_cennik_prahaupd_packages_mgr_head":"","prijmaciekonanie_cennik_prahaupd_packages_mgr_text":"","prijmaciekonanie_cennik_mgr_prahaupd_packages":[],"prijmaciekonanie_cennik_prahaupd_skolne_abovehead":"","prijmaciekonanie_cennik_prahaupd_skolne_head":"","prijmaciekonanie_cennik_prahaupd_skolne_text":"","prijmaciekonanie_cennik_prahaupd_skolne_first":[],"prijmaciekonanie_cennik_prahaupd_skolne_second":[],"prijmaciekonanie_cennik_prahaupd_skolne_footer":"","tp_textl_imager_navsteva_heading":"","tp_textl_imager_navsteva_text":"","tp_textl_imager_navsteva_btn_text":"","tp_textl_imager_navsteva_btn_url":"","tp_textl_imager_navsteva_img":[],"tp_textr_imagel_navsteva_heading":"","tp_textr_imagel_navsteva_text":"","tp_textr_imagel_navsteva_btn_text":"","tp_textr_imagel_navsteva_btn_url":"","tp_textr_imagel_navsteva_img":[],"tp_head_text_btns_vzdelavanie_heading":"","tp_head_text_btns_vzdelavanie_text":"","tp_head_text_btns_vzdelavanie":[],"tp_textr_imagel_vzdelavanie_heading":"","tp_textr_imagel_vzdelavanie_text":"","tp_textr_imagel_vzdelavanie_btn_text":"","tp_textr_imagel_vzdelavanie_btn_url":"","tp_textr_imagel_vzdelavanie_img":[],"tp_textr_imagel_video_vzdelavanie_heading":"","tp_textr_imagel_video_vzdelavanie_text":"","tp_textr_imagel_video_vzdelavanie_btn_text":"","tp_textr_imagel_video_vzdelavanie_btn_url":"","tp_textr_imagel_video_vzdelavanie_img":[],"tp_textr_imagel_video_vzdelavanie_url":"","pt_kombstud_text_boxes":[],"tp_textl_imager_kombstud_heading":"","tp_textl_imager_kombstud_text":"","tp_textl_imager_kombstud_btn_text":"","tp_textl_imager_kombstud_btn_url":"","tp_textl_imager_kombstud_img":[],"kombstud_faq_heading":"","kombstud_faq_text":"","kombstud_faq_faq_group":[],"kombstud_faq_group":[],"tp_onas_historia_textl_imager_heading":"","tp_onas_historia_textl_imager_text":"","tp_onas_historia_textl_imager_btn_text":"","tp_onas_historia_textl_imager_btn_url":"","tp_onas_historia_textl_imager_img":[],"tp_textr_imagel_historia_heading":"","tp_textr_imagel_historia_text":"","tp_textr_imagel_historia_btn_text":"","tp_textr_imagel_historia_btn_url":"","tp_textr_imagel_historia_img":[],"tp_onas_historia_textl_imager2_heading":"","tp_onas_historia_textl_imager2_text":"","tp_onas_historia_textl_imager2_btn_text":"","tp_onas_historia_textl_imager2_btn_url":"","tp_onas_historia_textl_imager2_img":[],"tp_textr_imagel2_historia_heading":"","tp_textr_imagel2_historia_text":"","tp_textr_imagel2_historia_btn_text":"","tp_textr_imagel2_historia_btn_url":"","tp_textr_imagel2_historia_img":[],"pt_vzdelavanie_bc_infobox_heading_1":"","pt_vzdelavanie_bc_infobox_text_1":"","pt_vzdelavanie_bc_infobox_heading_2":"","pt_vzdelavanie_bc_infobox_text_2":"","pt_vzdelavanie_bc_infobox_heading_3":"","pt_vzdelavanie_bc_infobox_text_3":"","pt_vzdelavanie_bc_prijatie_heading":"","pt_vzdelavanie_bc_prijatie_text":"","pt_vzdelavanie_bc_prijatie_btns":[],"pt_vzdelavanie_bc_info_heading":"","pt_vzdelavanie_bc_info_text":"","pt_vzdelavanie_bc_info_btn_text":"","pt_vzdelavanie_bc_info_btn_url":"","pt_vzdelavanie_bc_info_img":[],"pt_vzdelavanie_bc_references_above_head":"","pt_vzdelavanie_bc_references_above_text":"","pt_vzdelavanie_bc_references":[],"pt_vzdelavanie_ing_infobox_heading_1":"","pt_vzdelavanie_ing_infobox_text_1":"","pt_vzdelavanie_ing_infobox_heading_2":"","pt_vzdelavanie_ing_infobox_text_2":"","pt_vzdelavanie_ing_infobox_heading_3":"","pt_vzdelavanie_ing_infobox_text_3":"","pt_vzdelavanie_ing_prijatie_heading":"","pt_vzdelavanie_ing_prijatie_text":"","pt_vzdelavanie_ing_prijatie_btns":[],"pt_vzdelavanie_ing_info_heading":"","pt_vzdelavanie_ing_info_text":"","pt_vzdelavanie_ing_info_btn_text":"","pt_vzdelavanie_ing_info_btn_url":"","pt_vzdelavanie_ing_info_img":[],"pt_vzdelavanie_ing_references_above_head":"","pt_vzdelavanie_ing_references_above_text":"","pt_vzdelavanie_ing_references":[],"pt_vzdelavanie_zivot_prijatie_heading":"","pt_vzdelavanie_zivot_prijatie_text":"","pt_vzdelavanie_zivot_prijatie_btns":[],"pt_vzdelavanie_zivot_info_heading":"","pt_vzdelavanie_zivot_info_text":"","pt_vzdelavanie_zivot_info_btn_text":"","pt_vzdelavanie_zivot_info_btn_url":"","pt_vzdelavanie_zivot_info_img":[],"tp_textr_imagel_vzdelavanie_zivot_heading":"","tp_textr_imagel_vzdelavanie_zivot_text":"","tp_textr_imagel_vzdelavanie_zivot_btn_text":"","tp_textr_imagel_vzdelavanie_zivot_btn_url":"","tp_textr_imagel_vzdelavanie_zivot_img":[],"pg_zivot_ucp_mesta_heading":"","pg_zivot_ucp_mesta_text":"","pg_zivot_ucp_mesta":[],"pg_zivot_ucp_mesto_video_heading":"","pg_zivot_ucp_mesto_video_text":"","pg_zivot_ucp_mesto_video_btn_text":"","pg_zivot_ucp_mesto_video_btn_url":"","pg_zivot_ucp_mesto_video_img":[],"pg_zivot_ucp_mesto_video_url":"","pg_zivot_ucp_mesto_more_heading":"","pg_zivot_ucp_mesto_more_text":"","pg_zivot_ucp_mesto_links_heading":"","pg_zivot_ucp_mesto_links":[],"pg_prihlaska":[{"_state":"expanded"}],"pt_ucp_dod_undernadpis":"","pt_ucp_dod_undertext":"","url":"","uradna_tabula":[{"uradna_tabula_document":[{"uradna_tabula_type":"<img src=\"\/wp-content\/themes\/united-collage-prague-skola\/assets\/images\/icons\/pdf_icon.svg\">","_state":"expanded"}],"_state":"expanded"}],"akademicky_kalendar":[{"_state":"expanded"}],"pg_studijne_kontakty_head":"","pg_studijne_kontakty_text":"","pg_studijne_kontakty":[],"pg_studijne_obmedzenie_head":"","pg_studijne_obmedzenie_text":"","pg_studijne_oddelenie":[{"pg_studijne_oddelenie_hodiny":[["A"]]}],"tp_textr_imagel_studiumodunora_heading":"","tp_textr_imagel_studiumodunora_text":"","tp_textr_imagel_studiumodunora_btn_text":"","tp_textr_imagel_studiumodunora_btn_url":"","tp_textr_imagel_studiumodunora_img":[],"studiumodunora_prihlaska_abovehead":"","studiumodunora_prihlaska_head":"","studiumodunora_prihlaska_text":"","studiumodunora_prihlaska_btnwrap":[],"studiumodunora_programy_heading":"","studiumodunora_programy_text":"","studiumodunora_programy_faq_group":[],"studiumodunora_programy_group":[],"veltrh_group":[],"pg_katedra":[],"pg_katedra_head":"","pg_katedra_text":"","pg_hostia_z_praxe":[],"tp_mba_where_aboveheading":"","tp_mba_where_abovetext":"","tp_head_mba_where_btns":[],"tp_mba_text_heading":"","tp_mba_text_text":"","mba_rozvrh":[{"mba_rozvrh_document":[{"mba_rozvrh_type":"Zimn\u00fd","_state":"expanded"}],"_state":"expanded"}],"tp_image_boxes_mba_heading":"","tp_image_boxes_mba":[],"mba_partners_slider_heading":"","mba_partners_slider":[],"mba_faq_heading":"","mba_faq_text":"","mba_faq_faq_group":[],"mba_faq_group":[],"mba_prihlaska_abovehead":"","mba_prihlaska_head":"","mba_prihlaska_text":"","mba_prihlaska_btnwrap":[],"cennik_vsh_header":"","cennik_vsh_benefits":[],"cennik_vsh_praha_packages_bc_head":"","cennik_vsh_praha_packages_bc_text":"","cennik_vsh_praha_packages":[],"cennik_vsh_praha_packages_bccomb_head":"","cennik_vsh_praha_packages_bccomb_text":"","cennik_vsh_praha_packages_bccomb":[],"cennik_vsh_praha_packages_mgr_head":"","cennik_vsh_praha_packages_mgr_text":"","cennik_vsh_mgr_praha_packages":[],"cennik_vsh_praha_packages_mgr_head_combform":"","cennik_vsh_praha_packages_mgr_text_combform":"","cennik_vsh_mgr_praha_packages_combform":[],"cennik_vsh_praha_skolne_abovehead":"","cennik_vsh_praha_skolne_head":"","cennik_vsh_praha_skolne_text":"","cennik_vsh_praha_skolne_first":[],"cennik_vsh_praha_skolne_second":[],"cennik_vsh_praha_skolne_footer":"","cennik_vsh_znojmo_packages_bc_head":"","cennik_vsh_znojmo_packages_bc_text":"","cennik_vsh_znojmo_packages":[],"cennik_vsh_znojmo_packages_bccomb_head":"","cennik_vsh_znojmo_packages_bccomb_text":"","cennik_vsh_znojmo_packages_bccomb":[],"cennik_vsh_znojmo_packages_mgr_head":"","cennik_vsh_znojmo_packages_mgr_text":"","cennik_vsh_mgr_znojmo_packages":[],"cennik_vsh_znojmo_packages_mgr_head_combform":"","cennik_vsh_znojmo_packages_mgr_text_combform":"","cennik_vsh_mgr_znojmo_packages_combform":[],"cennik_vsh_znojmo_skolne_abovehead":"","cennik_vsh_znojmo_skolne_head":"","cennik_vsh_znojmo_skolne_text":"","cennik_vsh_znojmo_skolne_first":[],"cennik_vsh_znojmo_skolne_second":[],"cennik_vsh_znojmo_skolne_footer":"","cennik_vsh_bratislava_packages_bc_head":"","cennik_vsh_bratislava_packages_bc_text":"","cennik_vsh_bratislava_packages":[],"cennik_vsh_bratislava_packages_bccomb_head":"","cennik_vsh_bratislava_packages_bccomb_text":"","cennik_vsh_bratislava_packages_bccomb":[],"cennik_vsh_bratislava_packages_mgr_head":"","cennik_vsh_bratislava_packages_mgr_text":"","cennik_vsh_mgr_bratislava_packages":[],"cennik_vsh_bratislava_packages_mgr_head_combform":"","cennik_vsh_bratislava_packages_mgr_text_combform":"","cennik_vsh_mgr_bratislava_packages_combform":[],"cennik_vsh_bratislava_skolne_abovehead":"","cennik_vsh_bratislava_skolne_head":"","cennik_vsh_bratislava_skolne_text":"","cennik_vsh_bratislava_skolne_first":[],"cennik_vsh_bratislava_skolne_second":[],"cennik_vsh_bratislava_skolne_footer":"","vslg_cennik_header":"","vslg_cennik_benefits":[{"vslg_cennik_headline":"Successful career","vslg_cennik_text":"V\u0160LG graduates become successful managers and entrepreneurs","vslg_cennik_icon":["1318"]},{"vslg_cennik_headline":"Personal approach","vslg_cennik_text":"For us, you are a personality and not an index number.","vslg_cennik_icon":["1270"]},{"vslg_cennik_headline":"Community","vslg_cennik_text":"All graduates are always welcome at all V\u0160LG events and have lifetime access to the library.","vslg_cennik_icon":["1278"]}],"vslg_cennik_aboveswitch_headline":"","vslg_cennik_aboveswitch_text":"","vslg_cennik_winter_packages_bc_head":"","vslg_cennik_winter_packages":[{"vslg_cennik_winter_packages_label":"Bachelor's study","vslg_cennik_winter_packages_price":"26 000 K\u010d with a one-time annual fee payment"},{"vslg_cennik_winter_packages_label":"Follow-up master's study ","vslg_cennik_winter_packages_price":"27 000 K\u010d with a one-time annual fee payment"}],"vslg_cennik_winter_packages_mgr_head":"","vslg_cennik_mgr_winter_packages":[],"vslg_cennik_winter_skolne_abovehead":"Bank details","vslg_cennik_winter_skolne_head":"","vslg_cennik_winter_skolne_text":"The due date for the winter semester is 30\/06\/2026, if the contract is signed by 15\/06\/2026, otherwise by the date of registration for studies in the academic year.\r\nTuition fees for one academic year are paid in two installments. In case of extraordinary events, it is possible to request an individual repayment calendar.","vslg_cennik_winter_skolne_first":[["Account number","86-7184480257\/0100"],["IBAN","CZ1901000000867184480257 (for payments from abroad)"]],"vslg_cennik_winter_skolne_second":[["SWIFT (BIC)","KOMBCZPPXXX (for payments from abroad)"],["Variable symbol","998866"]],"vslg_cennik_winter_skolne_footer":"","vslg_cennik_summer_packages_bc_head":"","vslg_cennik_summer_packages":[{"vslg_cennik_summer_packages_label":"Bachelor's study","vslg_cennik_summer_packages_price":"26 000 K\u010d with a one-time annual fee payment"},{"vslg_cennik_summer_packages_label":"Follow-up master's study ","vslg_cennik_summer_packages_price":"27 000 K\u010d with a one-time annual fee payment"}],"vslg_cennik_summer_packages_mgr_head":"","vslg_cennik_mgr_summer_packages":[],"vslg_cennik_summer_skolne_abovehead":"Bank details","vslg_cennik_summer_skolne_head":"","vslg_cennik_summer_skolne_text":"The due date for the summer semester is 02\/2027.\r\nTuition fees for one academic year are paid in two installments. In case of extraordinary events, it is possible to request an individual repayment calendar.","vslg_cennik_summer_skolne_first":[["Account number","86-7184480257\/0100"],["IBAN","CZ1901000000867184480257 (for payments from abroad)"]],"vslg_cennik_summer_skolne_second":[["SWIFT (BIC)","KOMBCZPPXXX (for payments from abroad)"],["Variable symbol","998866"]],"vslg_cennik_summer_skolne_footer":""},"_links":{"self":[{"href":"https:\/\/vslg.cz\/en\/wp-json\/wp\/v2\/pages\/1915","targetHints":{"allow":["GET"]}}],"collection":[{"href":"https:\/\/vslg.cz\/en\/wp-json\/wp\/v2\/pages"}],"about":[{"href":"https:\/\/vslg.cz\/en\/wp-json\/wp\/v2\/types\/page"}],"author":[{"embeddable":true,"href":"https:\/\/vslg.cz\/en\/wp-json\/wp\/v2\/users\/10"}],"replies":[{"embeddable":true,"href":"https:\/\/vslg.cz\/en\/wp-json\/wp\/v2\/comments?post=1915"}],"version-history":[{"count":2,"href":"https:\/\/vslg.cz\/en\/wp-json\/wp\/v2\/pages\/1915\/revisions"}],"predecessor-version":[{"id":13340,"href":"https:\/\/vslg.cz\/en\/wp-json\/wp\/v2\/pages\/1915\/revisions\/13340"}],"wp:attachment":[{"href":"https:\/\/vslg.cz\/en\/wp-json\/wp\/v2\/media?parent=1915"}],"curies":[{"name":"wp","href":"https:\/\/api.w.org\/{rel}","templated":true}]}}