{"id":1864,"date":"2021-07-03T22:22:03","date_gmt":"2021-07-03T20:22:03","guid":{"rendered":"https:\/\/vslg.cz\/about-vsmvv\/"},"modified":"2024-07-02T07:53:22","modified_gmt":"2024-07-02T05:53:22","slug":"about-vslg","status":"publish","type":"page","link":"https:\/\/vslg.cz\/en\/about-vslg\/","title":{"rendered":"About V\u0160LG"},"content":{"rendered":"","protected":false},"excerpt":{"rendered":"<p>A college with a long history and prestige. <\/p>\n","protected":false},"author":10,"featured_media":0,"parent":0,"menu_order":0,"comment_status":"closed","ping_status":"closed","template":"page-templates\/onas.php","meta":{"inline_featured_image":false,"footnotes":""},"class_list":["post-1864","page","type-page","status-publish","hentry"],"yoast_head":"<!-- This site is optimized with the Yoast SEO plugin v26.8 - https:\/\/yoast.com\/product\/yoast-seo-wordpress\/ -->\n<title>About V\u0160LG - Vysok\u00e1 \u0161kola logistiky o.p.s<\/title>\n<meta name=\"robots\" content=\"index, follow, max-snippet:-1, max-image-preview:large, max-video-preview:-1\" \/>\n<link rel=\"canonical\" href=\"https:\/\/vslg.cz\/en\/about-vslg\/\" \/>\n<meta property=\"og:locale\" content=\"en_US\" \/>\n<meta property=\"og:type\" content=\"article\" \/>\n<meta property=\"og:title\" content=\"About V\u0160LG - Vysok\u00e1 \u0161kola logistiky o.p.s\" \/>\n<meta property=\"og:description\" content=\"A college with a long history and prestige.\" \/>\n<meta property=\"og:url\" content=\"https:\/\/vslg.cz\/en\/about-vslg\/\" \/>\n<meta property=\"og:site_name\" content=\"Vysok\u00e1 \u0161kola logistiky o.p.s\" \/>\n<meta property=\"article:modified_time\" content=\"2024-07-02T05:53:22+00:00\" \/>\n<meta name=\"twitter:card\" content=\"summary_large_image\" \/>\n<script type=\"application\/ld+json\" class=\"yoast-schema-graph\">{\"@context\":\"https:\/\/schema.org\",\"@graph\":[{\"@type\":\"WebPage\",\"@id\":\"https:\/\/vslg.cz\/en\/about-vslg\/\",\"url\":\"https:\/\/vslg.cz\/en\/about-vslg\/\",\"name\":\"About V\u0160LG - Vysok\u00e1 \u0161kola logistiky o.p.s\",\"isPartOf\":{\"@id\":\"https:\/\/vslg.cz\/en\/#website\"},\"datePublished\":\"2021-07-03T20:22:03+00:00\",\"dateModified\":\"2024-07-02T05:53:22+00:00\",\"breadcrumb\":{\"@id\":\"https:\/\/vslg.cz\/en\/about-vslg\/#breadcrumb\"},\"inLanguage\":\"en-US\",\"potentialAction\":[{\"@type\":\"ReadAction\",\"target\":[\"https:\/\/vslg.cz\/en\/about-vslg\/\"]}]},{\"@type\":\"BreadcrumbList\",\"@id\":\"https:\/\/vslg.cz\/en\/about-vslg\/#breadcrumb\",\"itemListElement\":[{\"@type\":\"ListItem\",\"position\":1,\"name\":\"Vysok\u00e1 \u0161kola logistiky\",\"item\":\"https:\/\/vslg.cz\/en\/\"},{\"@type\":\"ListItem\",\"position\":2,\"name\":\"About V\u0160LG\"}]},{\"@type\":\"WebSite\",\"@id\":\"https:\/\/vslg.cz\/en\/#website\",\"url\":\"https:\/\/vslg.cz\/en\/\",\"name\":\"Vysok\u00e1 \u0161kola logistiky o.p.s\",\"description\":\"Kvalita. Prest\u00ed\u017e. \u00daspech. Prec\u00edznos\u0165.\",\"potentialAction\":[{\"@type\":\"SearchAction\",\"target\":{\"@type\":\"EntryPoint\",\"urlTemplate\":\"https:\/\/vslg.cz\/en\/?s={search_term_string}\"},\"query-input\":{\"@type\":\"PropertyValueSpecification\",\"valueRequired\":true,\"valueName\":\"search_term_string\"}}],\"inLanguage\":\"en-US\"}]}<\/script>\n<!-- \/ Yoast SEO plugin. -->","yoast_head_json":{"title":"About V\u0160LG - Vysok\u00e1 \u0161kola logistiky o.p.s","robots":{"index":"index","follow":"follow","max-snippet":"max-snippet:-1","max-image-preview":"max-image-preview:large","max-video-preview":"max-video-preview:-1"},"canonical":"https:\/\/vslg.cz\/en\/about-vslg\/","og_locale":"en_US","og_type":"article","og_title":"About V\u0160LG - Vysok\u00e1 \u0161kola logistiky o.p.s","og_description":"A college with a long history and prestige.","og_url":"https:\/\/vslg.cz\/en\/about-vslg\/","og_site_name":"Vysok\u00e1 \u0161kola logistiky o.p.s","article_modified_time":"2024-07-02T05:53:22+00:00","twitter_card":"summary_large_image","schema":{"@context":"https:\/\/schema.org","@graph":[{"@type":"WebPage","@id":"https:\/\/vslg.cz\/en\/about-vslg\/","url":"https:\/\/vslg.cz\/en\/about-vslg\/","name":"About V\u0160LG - Vysok\u00e1 \u0161kola logistiky o.p.s","isPartOf":{"@id":"https:\/\/vslg.cz\/en\/#website"},"datePublished":"2021-07-03T20:22:03+00:00","dateModified":"2024-07-02T05:53:22+00:00","breadcrumb":{"@id":"https:\/\/vslg.cz\/en\/about-vslg\/#breadcrumb"},"inLanguage":"en-US","potentialAction":[{"@type":"ReadAction","target":["https:\/\/vslg.cz\/en\/about-vslg\/"]}]},{"@type":"BreadcrumbList","@id":"https:\/\/vslg.cz\/en\/about-vslg\/#breadcrumb","itemListElement":[{"@type":"ListItem","position":1,"name":"Vysok\u00e1 \u0161kola logistiky","item":"https:\/\/vslg.cz\/en\/"},{"@type":"ListItem","position":2,"name":"About V\u0160LG"}]},{"@type":"WebSite","@id":"https:\/\/vslg.cz\/en\/#website","url":"https:\/\/vslg.cz\/en\/","name":"Vysok\u00e1 \u0161kola logistiky o.p.s","description":"Kvalita. Prest\u00ed\u017e. \u00daspech. Prec\u00edznos\u0165.","potentialAction":[{"@type":"SearchAction","target":{"@type":"EntryPoint","urlTemplate":"https:\/\/vslg.cz\/en\/?s={search_term_string}"},"query-input":{"@type":"PropertyValueSpecification","valueRequired":true,"valueName":"search_term_string"}}],"inLanguage":"en-US"}]}},"meta_box":{"vav_section_cloneable_group":[{"vav_section_cloneable_style":"classic_style"}],"pt_ucp_domov_banner_heading":"","pt_ucp_domov_banner_subheading":"","pt_ucp_domov_banner_link":"","banner_side_buttons":[{"banner_side_buttons_mobile_hide":"1","banner_side_buttons_mobile_transparent":"1"}],"pt_ucp_domov_studium":[],"tp_textr_imagel_video_domov_heading":"","tp_textr_imagel_video_domov_img":[],"tp_textr_imagel_video_domov_url":"","pt_ucp_domov_predstavenie_heading":"","pt_ucp_domov_predstavenie_text":"","pt_ucp_domov_predstavenie_btn":"","pt_ucp_domov_predstavenie_link":"","pt_ucp_domov_predstavenie_obrazok":[],"pt_ucp_domov_dod_nadpis":"","pt_ucp_domov_dod_text":"","pt_ucp_domov_dod_skola_1":[],"tp_onas_textl_imager_heading":"The College of Logistics (V\u0160LG)","tp_onas_textl_imager_text":"<p>V\u0160LG was established in 2004 and from the very beginning it has focused on teaching logistics and all its branches. Teaching takes place <b>in Prague, P\u0159erov<\/b> and from the academic year 2021\/22 also in <b>Bratislava<\/b>. In addition to bachelor's and master's studies or a managerial MBA study at V\u0160LG. The rector of V\u0160LG is prof. Ing. V\u00e1clav Cemp\u00edrek, Ph.D.<\/p>\n","tp_onas_textl_imager_btn_text":"Departments and teachers","tp_onas_textl_imager_btn_url":"\/en\/departments\/","tp_onas_textl_imager_img":[{"width":150,"height":150,"file":"2021\/08\/0U8A98880-scaled.jpg","sizes":{"medium":{"file":"0U8A98880-300x199.jpg","width":300,"height":199,"mime-type":"image\/jpeg","url":"https:\/\/vslg.cz\/wp-content\/uploads\/2021\/08\/0U8A98880-300x199.jpg"},"large":{"file":"0U8A98880-1024x679.jpg","width":1024,"height":679,"mime-type":"image\/jpeg","url":"https:\/\/vslg.cz\/wp-content\/uploads\/2021\/08\/0U8A98880-1024x679.jpg"},"thumbnail":{"file":"0U8A98880-150x150.jpg","width":150,"height":150,"mime-type":"image\/jpeg","url":"https:\/\/vslg.cz\/wp-content\/uploads\/2021\/08\/0U8A98880-150x150.jpg"},"medium_large":{"file":"0U8A98880-768x509.jpg","width":768,"height":509,"mime-type":"image\/jpeg","url":"https:\/\/vslg.cz\/wp-content\/uploads\/2021\/08\/0U8A98880-768x509.jpg"},"1536x1536":{"file":"0U8A98880-1536x1018.jpg","width":1536,"height":1018,"mime-type":"image\/jpeg","url":"https:\/\/vslg.cz\/wp-content\/uploads\/2021\/08\/0U8A98880-1536x1018.jpg"},"2048x2048":{"file":"0U8A98880-2048x1358.jpg","width":2048,"height":1358,"mime-type":"image\/jpeg","url":"https:\/\/vslg.cz\/wp-content\/uploads\/2021\/08\/0U8A98880-2048x1358.jpg"},"profile-image":{"file":"0U8A98880-600x600.jpg","width":600,"height":600,"mime-type":"image\/jpeg","url":"https:\/\/vslg.cz\/wp-content\/uploads\/2021\/08\/0U8A98880-600x600.jpg"}},"image_meta":{"aperture":"0","credit":"","camera":"Canon EOS R","caption":"","created_timestamp":"1564846763","copyright":"","focal_length":"0","iso":"160","shutter_speed":"0.0015625","title":"","orientation":"0","keywords":[]},"original_image":"0U8A98880.jpg","ID":2700,"name":"0U8A98880-scaled.jpg","path":"\/data\/c\/e\/ce2da511-b0de-447d-b0e3-b8691bdd2f52\/vslg.cz\/web\/wp-content\/uploads\/2021\/08\/0U8A98880-scaled.jpg","url":"https:\/\/vslg.cz\/wp-content\/uploads\/2021\/08\/0U8A98880-150x150.jpg","full_url":"https:\/\/vslg.cz\/wp-content\/uploads\/2021\/08\/0U8A98880-scaled.jpg","title":"0U8A98880","caption":"","description":"","alt":"","srcset":"https:\/\/vslg.cz\/wp-content\/uploads\/2021\/08\/0U8A98880-150x150.jpg 150w, https:\/\/vslg.cz\/wp-content\/uploads\/2021\/08\/0U8A98880-600x600.jpg 600w"}],"tp_textr_imagel_onas_heading":"Year 2021","tp_textr_imagel_onas_text":"<p>In 2020, V\u0160LG became a member of the <b>United College Prague (UCP)<\/b> educational group, the fastest growing educational group in higher education in the Czech Republic and Slovakia. The UCP group is led by graduates from leading world universities such as <b>Cambridge University, the London School of Economics (LSE) and Maastricht University<\/b>. For this reason, the main aim of UCPs is to streamline the teaching process, increase internship opportunities alongside studies and minimize irrelevant memorization.<\/p>\n","tp_textr_imagel_onas_btn_text":"Why study at V\u0160LG","tp_textr_imagel_onas_btn_url":"\/en\/why-study-at-vslg\/","tp_textr_imagel_onas_img":[{"width":150,"height":150,"file":"2021\/08\/Untitled-1-copy-1.png","sizes":{"medium":{"file":"Untitled-1-copy-1-300x173.png","width":300,"height":173,"mime-type":"image\/png","url":"https:\/\/vslg.cz\/wp-content\/uploads\/2021\/08\/Untitled-1-copy-1-300x173.png"},"large":{"file":"Untitled-1-copy-1-1024x589.png","width":1024,"height":589,"mime-type":"image\/png","url":"https:\/\/vslg.cz\/wp-content\/uploads\/2021\/08\/Untitled-1-copy-1-1024x589.png"},"thumbnail":{"file":"Untitled-1-copy-1-150x150.png","width":150,"height":150,"mime-type":"image\/png","url":"https:\/\/vslg.cz\/wp-content\/uploads\/2021\/08\/Untitled-1-copy-1-150x150.png"},"medium_large":{"file":"Untitled-1-copy-1-768x442.png","width":768,"height":442,"mime-type":"image\/png","url":"https:\/\/vslg.cz\/wp-content\/uploads\/2021\/08\/Untitled-1-copy-1-768x442.png"},"1536x1536":{"file":"Untitled-1-copy-1-1536x884.png","width":1536,"height":884,"mime-type":"image\/png","url":"https:\/\/vslg.cz\/wp-content\/uploads\/2021\/08\/Untitled-1-copy-1-1536x884.png"},"2048x2048":{"file":"Untitled-1-copy-1-2048x1178.png","width":2048,"height":1178,"mime-type":"image\/png","url":"https:\/\/vslg.cz\/wp-content\/uploads\/2021\/08\/Untitled-1-copy-1-2048x1178.png"},"profile-image":{"file":"Untitled-1-copy-1-600x600.png","width":600,"height":600,"mime-type":"image\/png","url":"https:\/\/vslg.cz\/wp-content\/uploads\/2021\/08\/Untitled-1-copy-1-600x600.png"}},"image_meta":{"aperture":"0","credit":"","camera":"","caption":"","created_timestamp":"0","copyright":"","focal_length":"0","iso":"0","shutter_speed":"0","title":"","orientation":"0","keywords":[]},"ID":3190,"name":"Untitled-1-copy-1.png","path":"\/data\/c\/e\/ce2da511-b0de-447d-b0e3-b8691bdd2f52\/vslg.cz\/web\/wp-content\/uploads\/2021\/08\/Untitled-1-copy-1.png","url":"https:\/\/vslg.cz\/wp-content\/uploads\/2021\/08\/Untitled-1-copy-1-150x150.png","full_url":"https:\/\/vslg.cz\/wp-content\/uploads\/2021\/08\/Untitled-1-copy-1.png","title":"Untitled-1 copy","caption":"","description":"","alt":"","srcset":"https:\/\/vslg.cz\/wp-content\/uploads\/2021\/08\/Untitled-1-copy-1-150x150.png 150w, https:\/\/vslg.cz\/wp-content\/uploads\/2021\/08\/Untitled-1-copy-1-600x600.png 600w"}],"tp_head_text_btns_onas_heading":"","tp_head_text_btns_onas_text":"","tp_head_text_btns_onas":[],"tp_onas_partneri_textl_imager_heading":"","tp_onas_partneri_textl_imager_text":"","tp_onas_partneri_textl_imager_btn_text":"","tp_onas_partneri_textl_imager_btn_url":"","tp_onas_partneri_textl_imager_img":[],"pt_onas_genpartneri_heading":"","pt_onas_genpartneri_text":"","tp_genpartners_slider":[],"pt_onas_partneri_heading":"","pt_onas_partneri_text":"","tp_partners_slider":[],"pt_ucp_about_absolventi_infobox_heading_1":"","pt_ucp_about_absolventi_infobox_text_1":"","pt_ucp_about_absolventi_infobox_heading_2":"","pt_ucp_about_absolventi_infobox_text_2":"","pt_ucp_about_absolventi_infobox_heading_3":"","pt_ucp_about_absolventi_infobox_text_3":"","pt_ucp_about_absolventi_heading":"","pt_ucp_about_absolventi_text":"","pt_ucp_about_absolventi_obrazok":[],"pt_ucp_about_absolventi_slider_heading":"","pt_ucp_about_absolventi_slider_text":"","pg_kontakt_mesta_heading":"","pg_kontakt_mesta_text":"","tp_image_contact_boxes_kontakt":[],"pg_kontakt_form_subheading":"","pg_kontakt_form_heading":"","pg_kontakt_form_shortcode":"","pg_instituty":[{"pg_instituty_address":[{"_state":"expanded"}],"_state":"expanded"}],"tp_image_text_cloneable_doplnit_group":[{"tp_image_text_cloneable_doplnit_style":"textl_imager"}],"tp_textr_imagel_video_whyucp_heading":"","tp_textr_imagel_video_whyucp_text":"","tp_textr_imagel_video_whyucp_btn_text":"","tp_textr_imagel_video_whyucp_btn_url":"","tp_textr_imagel_video_whyucp_img":[],"tp_textr_imagel_video_whyucp_url":"","tp_textl_imager_prijmaciekonanie_heading":"","tp_textl_imager_prijmaciekonanie_text":"","tp_textl_imager_prijmaciekonanie_btn_text":"","tp_textl_imager_prijmaciekonanie_btn_url":"","tp_textl_imager_prijmaciekonanie_img":[],"tp_numbered_boxes_textgroup_prijmaciekonanie":[],"tp_numbered_boxes_btngroup_prijmaciekonanie":[],"pg_prijimacie_konanie_more_heading":"","pg_prijimacie_konanie_more_text":"","tp_head_text_btns_prijimacie_konanie_more":[],"prijmaciekonanie_cennik_header":"","prijmaciekonanie_cennik_benefits":[],"prijmaciekonanie_cennik_aboveswitch_headline":"","prijmaciekonanie_cennik_aboveswitch_text":"","prijmaciekonanie_cennik_praha_packages":[],"prijmaciekonanie_cennik_praha_skolne_abovehead":"","prijmaciekonanie_cennik_praha_skolne_head":"","prijmaciekonanie_cennik_praha_skolne_text":"","prijmaciekonanie_cennik_praha_skolne_first":[],"prijmaciekonanie_cennik_praha_skolne_second":[],"prijmaciekonanie_cennik_praha_skolne_footer":"","prijmaciekonanie_cennik_bratislava_packages_bc_head":"","prijmaciekonanie_cennik_bratislava_packages_bc_text":"","prijmaciekonanie_cennik_bratislava_packages":[],"prijmaciekonanie_cennik_bratislava_packages_mgr_head":"","prijmaciekonanie_cennik_bratislava_packages_mgr_text":"","prijmaciekonanie_cennik_mgr_bratislava_packages":[],"prijmaciekonanie_cennik_bratislava_skolne_abovehead":"","prijmaciekonanie_cennik_bratislava_skolne_head":"","prijmaciekonanie_cennik_bratislava_skolne_text":"","prijmaciekonanie_cennik_bratislava_skolne_first":[],"prijmaciekonanie_cennik_bratislava_skolne_second":[],"prijmaciekonanie_cennik_bratislava_skolne_footer":"","prijmaciekonanie_cennik_prahaupd_packages_bc_head":"","prijmaciekonanie_cennik_prahaupd_packages_bc_text":"","prijmaciekonanie_cennik_prahaupd_packages":[],"prijmaciekonanie_cennik_prahaupd_packages_mgr_head":"","prijmaciekonanie_cennik_prahaupd_packages_mgr_text":"","prijmaciekonanie_cennik_mgr_prahaupd_packages":[],"prijmaciekonanie_cennik_prahaupd_skolne_abovehead":"","prijmaciekonanie_cennik_prahaupd_skolne_head":"","prijmaciekonanie_cennik_prahaupd_skolne_text":"","prijmaciekonanie_cennik_prahaupd_skolne_first":[],"prijmaciekonanie_cennik_prahaupd_skolne_second":[],"prijmaciekonanie_cennik_prahaupd_skolne_footer":"","tp_textl_imager_navsteva_heading":"","tp_textl_imager_navsteva_text":"","tp_textl_imager_navsteva_btn_text":"","tp_textl_imager_navsteva_btn_url":"","tp_textl_imager_navsteva_img":[],"tp_textr_imagel_navsteva_heading":"","tp_textr_imagel_navsteva_text":"","tp_textr_imagel_navsteva_btn_text":"","tp_textr_imagel_navsteva_btn_url":"","tp_textr_imagel_navsteva_img":[],"tp_head_text_btns_vzdelavanie_heading":"","tp_head_text_btns_vzdelavanie_text":"","tp_head_text_btns_vzdelavanie":[],"tp_textr_imagel_vzdelavanie_heading":"","tp_textr_imagel_vzdelavanie_text":"","tp_textr_imagel_vzdelavanie_btn_text":"","tp_textr_imagel_vzdelavanie_btn_url":"","tp_textr_imagel_vzdelavanie_img":[],"tp_textr_imagel_video_vzdelavanie_heading":"","tp_textr_imagel_video_vzdelavanie_text":"","tp_textr_imagel_video_vzdelavanie_btn_text":"","tp_textr_imagel_video_vzdelavanie_btn_url":"","tp_textr_imagel_video_vzdelavanie_img":[],"tp_textr_imagel_video_vzdelavanie_url":"","pt_kombstud_text_boxes":[],"tp_textl_imager_kombstud_heading":"","tp_textl_imager_kombstud_text":"","tp_textl_imager_kombstud_btn_text":"","tp_textl_imager_kombstud_btn_url":"","tp_textl_imager_kombstud_img":[],"kombstud_faq_heading":"","kombstud_faq_text":"","kombstud_faq_faq_group":[],"kombstud_faq_group":[],"tp_onas_historia_textl_imager_heading":"","tp_onas_historia_textl_imager_text":"","tp_onas_historia_textl_imager_btn_text":"","tp_onas_historia_textl_imager_btn_url":"","tp_onas_historia_textl_imager_img":[],"tp_textr_imagel_historia_heading":"","tp_textr_imagel_historia_text":"","tp_textr_imagel_historia_btn_text":"","tp_textr_imagel_historia_btn_url":"","tp_textr_imagel_historia_img":[],"tp_onas_historia_textl_imager2_heading":"","tp_onas_historia_textl_imager2_text":"","tp_onas_historia_textl_imager2_btn_text":"","tp_onas_historia_textl_imager2_btn_url":"","tp_onas_historia_textl_imager2_img":[],"tp_textr_imagel2_historia_heading":"","tp_textr_imagel2_historia_text":"","tp_textr_imagel2_historia_btn_text":"","tp_textr_imagel2_historia_btn_url":"","tp_textr_imagel2_historia_img":[],"pt_vzdelavanie_bc_infobox_heading_1":"","pt_vzdelavanie_bc_infobox_text_1":"","pt_vzdelavanie_bc_infobox_heading_2":"","pt_vzdelavanie_bc_infobox_text_2":"","pt_vzdelavanie_bc_infobox_heading_3":"","pt_vzdelavanie_bc_infobox_text_3":"","pt_vzdelavanie_bc_prijatie_heading":"","pt_vzdelavanie_bc_prijatie_text":"","pt_vzdelavanie_bc_prijatie_btns":[],"pt_vzdelavanie_bc_info_heading":"","pt_vzdelavanie_bc_info_text":"","pt_vzdelavanie_bc_info_btn_text":"","pt_vzdelavanie_bc_info_btn_url":"","pt_vzdelavanie_bc_info_img":[],"pt_vzdelavanie_bc_references_above_head":"","pt_vzdelavanie_bc_references_above_text":"","pt_vzdelavanie_bc_references":[],"pt_vzdelavanie_ing_infobox_heading_1":"","pt_vzdelavanie_ing_infobox_text_1":"","pt_vzdelavanie_ing_infobox_heading_2":"","pt_vzdelavanie_ing_infobox_text_2":"","pt_vzdelavanie_ing_infobox_heading_3":"","pt_vzdelavanie_ing_infobox_text_3":"","pt_vzdelavanie_ing_prijatie_heading":"","pt_vzdelavanie_ing_prijatie_text":"","pt_vzdelavanie_ing_prijatie_btns":[],"pt_vzdelavanie_ing_info_heading":"","pt_vzdelavanie_ing_info_text":"","pt_vzdelavanie_ing_info_btn_text":"","pt_vzdelavanie_ing_info_btn_url":"","pt_vzdelavanie_ing_info_img":[],"pt_vzdelavanie_ing_references_above_head":"","pt_vzdelavanie_ing_references_above_text":"","pt_vzdelavanie_ing_references":[],"pt_vzdelavanie_zivot_prijatie_heading":"","pt_vzdelavanie_zivot_prijatie_text":"","pt_vzdelavanie_zivot_prijatie_btns":[],"pt_vzdelavanie_zivot_info_heading":"","pt_vzdelavanie_zivot_info_text":"","pt_vzdelavanie_zivot_info_btn_text":"","pt_vzdelavanie_zivot_info_btn_url":"","pt_vzdelavanie_zivot_info_img":[],"tp_textr_imagel_vzdelavanie_zivot_heading":"","tp_textr_imagel_vzdelavanie_zivot_text":"","tp_textr_imagel_vzdelavanie_zivot_btn_text":"","tp_textr_imagel_vzdelavanie_zivot_btn_url":"","tp_textr_imagel_vzdelavanie_zivot_img":[],"pg_zivot_ucp_mesta_heading":"","pg_zivot_ucp_mesta_text":"","pg_zivot_ucp_mesta":[],"pg_zivot_ucp_mesto_video_heading":"","pg_zivot_ucp_mesto_video_text":"","pg_zivot_ucp_mesto_video_btn_text":"","pg_zivot_ucp_mesto_video_btn_url":"","pg_zivot_ucp_mesto_video_img":[],"pg_zivot_ucp_mesto_video_url":"","pg_zivot_ucp_mesto_more_heading":"","pg_zivot_ucp_mesto_more_text":"","pg_zivot_ucp_mesto_links_heading":"","pg_zivot_ucp_mesto_links":[],"pg_prihlaska":[{"_state":"expanded"}],"pt_ucp_dod_undernadpis":"","pt_ucp_dod_undertext":"","url":"","uradna_tabula":[{"uradna_tabula_document":[{"uradna_tabula_type":"<img src=\"\/wp-content\/themes\/united-collage-prague-skola\/assets\/images\/icons\/pdf_icon.svg\">","_state":"expanded"}],"_state":"expanded"}],"akademicky_kalendar":[{"_state":"expanded"}],"pg_studijne_kontakty_head":"","pg_studijne_kontakty_text":"","pg_studijne_kontakty":[],"pg_studijne_obmedzenie_head":"","pg_studijne_obmedzenie_text":"","pg_studijne_oddelenie":[{"pg_studijne_oddelenie_hodiny":[["A"]]}],"tp_textr_imagel_studiumodunora_heading":"","tp_textr_imagel_studiumodunora_text":"","tp_textr_imagel_studiumodunora_btn_text":"","tp_textr_imagel_studiumodunora_btn_url":"","tp_textr_imagel_studiumodunora_img":[],"studiumodunora_prihlaska_abovehead":"","studiumodunora_prihlaska_head":"","studiumodunora_prihlaska_text":"","studiumodunora_prihlaska_btnwrap":[],"studiumodunora_programy_heading":"","studiumodunora_programy_text":"","studiumodunora_programy_faq_group":[],"studiumodunora_programy_group":[],"veltrh_group":[],"pg_katedra":[],"pg_katedra_head":"","pg_katedra_text":"","pg_hostia_z_praxe":[],"tp_mba_where_aboveheading":"","tp_mba_where_abovetext":"","tp_head_mba_where_btns":[],"tp_mba_text_heading":"","tp_mba_text_text":"","mba_rozvrh":[{"mba_rozvrh_document":[{"mba_rozvrh_type":"Zimn\u00fd","_state":"expanded"}],"_state":"expanded"}],"tp_image_boxes_mba_heading":"","tp_image_boxes_mba":[],"mba_partners_slider_heading":"","mba_partners_slider":[],"mba_faq_heading":"","mba_faq_text":"","mba_faq_faq_group":[],"mba_faq_group":[],"mba_prihlaska_abovehead":"","mba_prihlaska_head":"","mba_prihlaska_text":"","mba_prihlaska_btnwrap":[],"cennik_vsh_header":"","cennik_vsh_benefits":[],"cennik_vsh_praha_packages_bc_head":"","cennik_vsh_praha_packages_bc_text":"","cennik_vsh_praha_packages":[],"cennik_vsh_praha_packages_bccomb_head":"","cennik_vsh_praha_packages_bccomb_text":"","cennik_vsh_praha_packages_bccomb":[],"cennik_vsh_praha_packages_mgr_head":"","cennik_vsh_praha_packages_mgr_text":"","cennik_vsh_mgr_praha_packages":[],"cennik_vsh_praha_packages_mgr_head_combform":"","cennik_vsh_praha_packages_mgr_text_combform":"","cennik_vsh_mgr_praha_packages_combform":[],"cennik_vsh_praha_skolne_abovehead":"","cennik_vsh_praha_skolne_head":"","cennik_vsh_praha_skolne_text":"","cennik_vsh_praha_skolne_first":[],"cennik_vsh_praha_skolne_second":[],"cennik_vsh_praha_skolne_footer":"","cennik_vsh_znojmo_packages_bc_head":"","cennik_vsh_znojmo_packages_bc_text":"","cennik_vsh_znojmo_packages":[],"cennik_vsh_znojmo_packages_bccomb_head":"","cennik_vsh_znojmo_packages_bccomb_text":"","cennik_vsh_znojmo_packages_bccomb":[],"cennik_vsh_znojmo_packages_mgr_head":"","cennik_vsh_znojmo_packages_mgr_text":"","cennik_vsh_mgr_znojmo_packages":[],"cennik_vsh_znojmo_packages_mgr_head_combform":"","cennik_vsh_znojmo_packages_mgr_text_combform":"","cennik_vsh_mgr_znojmo_packages_combform":[],"cennik_vsh_znojmo_skolne_abovehead":"","cennik_vsh_znojmo_skolne_head":"","cennik_vsh_znojmo_skolne_text":"","cennik_vsh_znojmo_skolne_first":[],"cennik_vsh_znojmo_skolne_second":[],"cennik_vsh_znojmo_skolne_footer":"","cennik_vsh_bratislava_packages_bc_head":"","cennik_vsh_bratislava_packages_bc_text":"","cennik_vsh_bratislava_packages":[],"cennik_vsh_bratislava_packages_bccomb_head":"","cennik_vsh_bratislava_packages_bccomb_text":"","cennik_vsh_bratislava_packages_bccomb":[],"cennik_vsh_bratislava_packages_mgr_head":"","cennik_vsh_bratislava_packages_mgr_text":"","cennik_vsh_mgr_bratislava_packages":[],"cennik_vsh_bratislava_packages_mgr_head_combform":"","cennik_vsh_bratislava_packages_mgr_text_combform":"","cennik_vsh_mgr_bratislava_packages_combform":[],"cennik_vsh_bratislava_skolne_abovehead":"","cennik_vsh_bratislava_skolne_head":"","cennik_vsh_bratislava_skolne_text":"","cennik_vsh_bratislava_skolne_first":[],"cennik_vsh_bratislava_skolne_second":[],"cennik_vsh_bratislava_skolne_footer":"","vslg_cennik_header":"","vslg_cennik_benefits":[],"vslg_cennik_aboveswitch_headline":"","vslg_cennik_aboveswitch_text":"","vslg_cennik_winter_packages_bc_head":"","vslg_cennik_winter_packages":[],"vslg_cennik_winter_packages_mgr_head":"","vslg_cennik_mgr_winter_packages":[],"vslg_cennik_winter_skolne_abovehead":"","vslg_cennik_winter_skolne_head":"","vslg_cennik_winter_skolne_text":"","vslg_cennik_winter_skolne_first":[],"vslg_cennik_winter_skolne_second":[],"vslg_cennik_winter_skolne_footer":"","vslg_cennik_summer_packages_bc_head":"","vslg_cennik_summer_packages":[],"vslg_cennik_summer_packages_mgr_head":"","vslg_cennik_mgr_summer_packages":[],"vslg_cennik_summer_skolne_abovehead":"","vslg_cennik_summer_skolne_head":"","vslg_cennik_summer_skolne_text":"","vslg_cennik_summer_skolne_first":[],"vslg_cennik_summer_skolne_second":[],"vslg_cennik_summer_skolne_footer":""},"_links":{"self":[{"href":"https:\/\/vslg.cz\/en\/wp-json\/wp\/v2\/pages\/1864","targetHints":{"allow":["GET"]}}],"collection":[{"href":"https:\/\/vslg.cz\/en\/wp-json\/wp\/v2\/pages"}],"about":[{"href":"https:\/\/vslg.cz\/en\/wp-json\/wp\/v2\/types\/page"}],"author":[{"embeddable":true,"href":"https:\/\/vslg.cz\/en\/wp-json\/wp\/v2\/users\/10"}],"replies":[{"embeddable":true,"href":"https:\/\/vslg.cz\/en\/wp-json\/wp\/v2\/comments?post=1864"}],"version-history":[{"count":2,"href":"https:\/\/vslg.cz\/en\/wp-json\/wp\/v2\/pages\/1864\/revisions"}],"predecessor-version":[{"id":2891,"href":"https:\/\/vslg.cz\/en\/wp-json\/wp\/v2\/pages\/1864\/revisions\/2891"}],"wp:attachment":[{"href":"https:\/\/vslg.cz\/en\/wp-json\/wp\/v2\/media?parent=1864"}],"curies":[{"name":"wp","href":"https:\/\/api.w.org\/{rel}","templated":true}]}}